{"id":6804,"date":"2024-10-06T14:37:32","date_gmt":"2024-10-06T14:37:32","guid":{"rendered":"https:\/\/zackmwekassa.org\/produit\/coque-diphone-rigide-11-15-pro-max\/"},"modified":"2026-03-05T07:22:47","modified_gmt":"2026-03-05T07:22:47","slug":"coque-diphone-rigide-11-15-pro-max","status":"publish","type":"product","link":"https:\/\/zackmwekassa.org\/en\/produit\/coque-diphone-rigide-11-15-pro-max\/","title":{"rendered":"Coque d&#8217;iPhone\u00ae rigide 11 &#8211; 15 Pro Max"},"content":{"rendered":"<p>Prot\u00e9gez votre t\u00e9l\u00e9phone avec style \u00e0 l&#8217;aide d&#8217;une coque durable et \u00e0 double couche. La coque ext\u00e9rieure est fabriqu\u00e9e \u00e0 partir de polycarbonate r\u00e9sistant aux chocs, tandis que la doublure int\u00e9rieure est dot\u00e9e de rev\u00eatement en TPU pour une absorption maximale des chocs. Gardez votre t\u00e9l\u00e9phone \u00e0 la mode et en s\u00e9curit\u00e9 toute l&#8217;ann\u00e9e\u00a0! <\/p>\n<p>\u2022 Coque ext\u00e9rieure en polycarbonate<br \/>\n\u2022 Doublure int\u00e9rieure en polyur\u00e9thane thermoplastique TPU<br \/>\n\u2022 Protection \u00e0 double couche<br \/>\n\u2022 Ouvertures de ports pr\u00e9cis\u00e9ment align\u00e9es<br \/>\n\u2022 Compatible avec la recharge par induction<br \/>\n\u2022 Produit vierge provenant de Cor\u00e9e<\/p>\n<p>Important\u00a0: Ce produit ne peut pas \u00eatre exp\u00e9di\u00e9 en Cor\u00e9e du Sud, \u00e0 Hong Kong, \u00e0 Ta\u00efwan, au Japon ou \u00e0 Singapour. Si votre adresse de livraison est dans ces r\u00e9gions, veuillez choisir un produit diff\u00e9rent.<\/p>\n<p><span style='color: #F7B500'>&#9888;<\/span> <b>Avertissement:<\/b> Ce produit peut vous exposer \u00e0 des produits chimiques, dont le bisph\u00e9nol A (BPA), reconnu par l&#8217;\u00c9tat de Californie comme causant des malformations cong\u00e9nitales ou d&#8217;autres anomalies de la reproduction. Pour plus d&#8217;informations, rendez-vous sur <a href=\"https:\/\/www.p65warnings.ca.gov\" target=\"_blank\" rel=\"noopener\">https:\/\/www.p65warnings.ca.gov<\/a><\/p>\n","protected":false},"excerpt":{"rendered":"<p>Prot\u00e9gez votre t\u00e9l\u00e9phone avec style \u00e0 l&#8217;aide d&#8217;une coque durable et \u00e0 double couche. La coque ext\u00e9rieure est fabriqu\u00e9e \u00e0 partir de polycarbonate r\u00e9sistant aux chocs, tandis que la doublure int\u00e9rieure est dot\u00e9e de rev\u00eatement en TPU pour une absorption maximale des chocs. Gardez votre t\u00e9l\u00e9phone \u00e0 la mode et en s\u00e9curit\u00e9 toute l&#8217;ann\u00e9e\u00a0! \u2022 &hellip;<\/p>\n","protected":false},"featured_media":6828,"comment_status":"open","ping_status":"closed","template":"","meta":[],"product_brand":[],"product_cat":[1939],"product_tag":[],"class_list":{"0":"post-6804","1":"product","2":"type-product","3":"status-publish","4":"has-post-thumbnail","6":"product_cat-accessoire-zack","8":"first","9":"instock","10":"shipping-taxable","11":"purchasable","12":"product-type-variable"},"yoast_head":"<!-- This site is optimized with the Yoast SEO Premium plugin v23.7 (Yoast SEO v27.5) - https:\/\/yoast.com\/product\/yoast-seo-premium-wordpress\/ -->\n<title>Coque d&#039;iPhone\u00ae rigide 11 - 15 Pro Max - Zack Mwekassa<\/title>\n<meta name=\"robots\" content=\"index, follow, max-snippet:-1, max-image-preview:large, max-video-preview:-1\" \/>\n<link rel=\"canonical\" href=\"https:\/\/zackmwekassa.org\/produit\/coque-diphone-rigide-11-15-pro-max\/\" \/>\n<meta property=\"og:locale\" content=\"en_US\" \/>\n<meta property=\"og:type\" content=\"article\" \/>\n<meta property=\"og:title\" content=\"Coque d&#039;iPhone\u00ae rigide 11 - 15 Pro Max\" \/>\n<meta property=\"og:description\" content=\"Prot\u00e9gez votre t\u00e9l\u00e9phone avec style \u00e0 l&#8217;aide d&#8217;une coque durable et \u00e0 double couche. La coque ext\u00e9rieure est fabriqu\u00e9e \u00e0 partir de polycarbonate r\u00e9sistant aux chocs, tandis que la doublure int\u00e9rieure est dot\u00e9e de rev\u00eatement en TPU pour une absorption maximale des chocs. Gardez votre t\u00e9l\u00e9phone \u00e0 la mode et en s\u00e9curit\u00e9 toute l&#8217;ann\u00e9e\u00a0! \u2022 &hellip;\" \/>\n<meta property=\"og:url\" content=\"https:\/\/zackmwekassa.org\/produit\/coque-diphone-rigide-11-15-pro-max\/\" \/>\n<meta property=\"og:site_name\" content=\"Zack Mwekassa\" \/>\n<meta property=\"article:modified_time\" content=\"2026-03-05T07:22:47+00:00\" \/>\n<meta property=\"og:image\" content=\"https:\/\/zackmwekassa.org\/wp-content\/uploads\/2024\/10\/tough-case-for-iphone-matte-iphone-16-pro-max-front-6702a09a926e9.png\" \/>\n\t<meta property=\"og:image:width\" content=\"2000\" \/>\n\t<meta property=\"og:image:height\" content=\"2000\" \/>\n\t<meta property=\"og:image:type\" content=\"image\/png\" \/>\n<meta name=\"twitter:card\" content=\"summary_large_image\" \/>\n<meta name=\"twitter:label1\" content=\"Est. reading time\" \/>\n\t<meta name=\"twitter:data1\" content=\"1 minute\" \/>\n<script type=\"application\/ld+json\" class=\"yoast-schema-graph\">{\"@context\":\"https:\\\/\\\/schema.org\",\"@graph\":[{\"@type\":\"WebPage\",\"@id\":\"https:\\\/\\\/zackmwekassa.org\\\/produit\\\/coque-diphone-rigide-11-15-pro-max\\\/\",\"url\":\"https:\\\/\\\/zackmwekassa.org\\\/produit\\\/coque-diphone-rigide-11-15-pro-max\\\/\",\"name\":\"Coque d'iPhone\u00ae rigide 11 - 15 Pro Max - Zack Mwekassa\",\"isPartOf\":{\"@id\":\"https:\\\/\\\/zackmwekassa.org\\\/#website\"},\"primaryImageOfPage\":{\"@id\":\"https:\\\/\\\/zackmwekassa.org\\\/produit\\\/coque-diphone-rigide-11-15-pro-max\\\/#primaryimage\"},\"image\":{\"@id\":\"https:\\\/\\\/zackmwekassa.org\\\/produit\\\/coque-diphone-rigide-11-15-pro-max\\\/#primaryimage\"},\"thumbnailUrl\":\"https:\\\/\\\/zackmwekassa.org\\\/wp-content\\\/uploads\\\/2024\\\/10\\\/tough-case-for-iphone-matte-iphone-16-pro-max-front-6702a09a926e9.png\",\"datePublished\":\"2024-10-06T14:37:32+00:00\",\"dateModified\":\"2026-03-05T07:22:47+00:00\",\"breadcrumb\":{\"@id\":\"https:\\\/\\\/zackmwekassa.org\\\/produit\\\/coque-diphone-rigide-11-15-pro-max\\\/#breadcrumb\"},\"inLanguage\":\"en-US\",\"potentialAction\":[{\"@type\":\"ReadAction\",\"target\":[\"https:\\\/\\\/zackmwekassa.org\\\/produit\\\/coque-diphone-rigide-11-15-pro-max\\\/\"]}]},{\"@type\":\"ImageObject\",\"inLanguage\":\"en-US\",\"@id\":\"https:\\\/\\\/zackmwekassa.org\\\/produit\\\/coque-diphone-rigide-11-15-pro-max\\\/#primaryimage\",\"url\":\"https:\\\/\\\/zackmwekassa.org\\\/wp-content\\\/uploads\\\/2024\\\/10\\\/tough-case-for-iphone-matte-iphone-16-pro-max-front-6702a09a926e9.png\",\"contentUrl\":\"https:\\\/\\\/zackmwekassa.org\\\/wp-content\\\/uploads\\\/2024\\\/10\\\/tough-case-for-iphone-matte-iphone-16-pro-max-front-6702a09a926e9.png\",\"width\":2000,\"height\":2000},{\"@type\":\"BreadcrumbList\",\"@id\":\"https:\\\/\\\/zackmwekassa.org\\\/produit\\\/coque-diphone-rigide-11-15-pro-max\\\/#breadcrumb\",\"itemListElement\":[{\"@type\":\"ListItem\",\"position\":1,\"name\":\"Accueil\",\"item\":\"https:\\\/\\\/zackmwekassa.org\\\/en\\\/\"},{\"@type\":\"ListItem\",\"position\":2,\"name\":\"Boutique\",\"item\":\"https:\\\/\\\/zackmwekassa.org\\\/boutique\\\/\"},{\"@type\":\"ListItem\",\"position\":3,\"name\":\"Coque d&rsquo;iPhone\u00ae rigide 11 &#8211; 15 Pro Max\"}]},{\"@type\":\"WebSite\",\"@id\":\"https:\\\/\\\/zackmwekassa.org\\\/#website\",\"url\":\"https:\\\/\\\/zackmwekassa.org\\\/\",\"name\":\"Zack Mwekassa\",\"description\":\"Le guerrier noir, votre fr\u00e8re !\",\"publisher\":{\"@id\":\"https:\\\/\\\/zackmwekassa.org\\\/#organization\"},\"potentialAction\":[{\"@type\":\"SearchAction\",\"target\":{\"@type\":\"EntryPoint\",\"urlTemplate\":\"https:\\\/\\\/zackmwekassa.org\\\/?s={search_term_string}\"},\"query-input\":{\"@type\":\"PropertyValueSpecification\",\"valueRequired\":true,\"valueName\":\"search_term_string\"}}],\"inLanguage\":\"en-US\"},{\"@type\":[\"Organization\",\"Place\"],\"@id\":\"https:\\\/\\\/zackmwekassa.org\\\/#organization\",\"name\":\"Zack Mwekassa\",\"url\":\"https:\\\/\\\/zackmwekassa.org\\\/\",\"logo\":{\"@id\":\"https:\\\/\\\/zackmwekassa.org\\\/produit\\\/coque-diphone-rigide-11-15-pro-max\\\/#local-main-organization-logo\"},\"image\":{\"@id\":\"https:\\\/\\\/zackmwekassa.org\\\/produit\\\/coque-diphone-rigide-11-15-pro-max\\\/#local-main-organization-logo\"},\"telephone\":[],\"openingHoursSpecification\":[{\"@type\":\"OpeningHoursSpecification\",\"dayOfWeek\":[\"Monday\",\"Tuesday\",\"Wednesday\",\"Thursday\",\"Friday\",\"Saturday\",\"Sunday\"],\"opens\":\"09:00\",\"closes\":\"17:00\"}]},{\"@type\":\"ImageObject\",\"inLanguage\":\"en-US\",\"@id\":\"https:\\\/\\\/zackmwekassa.org\\\/produit\\\/coque-diphone-rigide-11-15-pro-max\\\/#local-main-organization-logo\",\"url\":\"https:\\\/\\\/zackmwekassa.org\\\/wp-content\\\/uploads\\\/2023\\\/06\\\/cropped-zack-mwekassa-icon.png\",\"contentUrl\":\"https:\\\/\\\/zackmwekassa.org\\\/wp-content\\\/uploads\\\/2023\\\/06\\\/cropped-zack-mwekassa-icon.png\",\"width\":1920,\"height\":652,\"caption\":\"Zack Mwekassa\"}]}<\/script>\n<!-- \/ Yoast SEO Premium plugin. -->","yoast_head_json":{"title":"Coque d'iPhone\u00ae rigide 11 - 15 Pro Max - Zack Mwekassa","robots":{"index":"index","follow":"follow","max-snippet":"max-snippet:-1","max-image-preview":"max-image-preview:large","max-video-preview":"max-video-preview:-1"},"canonical":"https:\/\/zackmwekassa.org\/produit\/coque-diphone-rigide-11-15-pro-max\/","og_locale":"en_US","og_type":"article","og_title":"Coque d'iPhone\u00ae rigide 11 - 15 Pro Max","og_description":"Prot\u00e9gez votre t\u00e9l\u00e9phone avec style \u00e0 l&#8217;aide d&#8217;une coque durable et \u00e0 double couche. La coque ext\u00e9rieure est fabriqu\u00e9e \u00e0 partir de polycarbonate r\u00e9sistant aux chocs, tandis que la doublure int\u00e9rieure est dot\u00e9e de rev\u00eatement en TPU pour une absorption maximale des chocs. Gardez votre t\u00e9l\u00e9phone \u00e0 la mode et en s\u00e9curit\u00e9 toute l&#8217;ann\u00e9e\u00a0! \u2022 &hellip;","og_url":"https:\/\/zackmwekassa.org\/produit\/coque-diphone-rigide-11-15-pro-max\/","og_site_name":"Zack Mwekassa","article_modified_time":"2026-03-05T07:22:47+00:00","og_image":[{"width":2000,"height":2000,"url":"https:\/\/zackmwekassa.org\/wp-content\/uploads\/2024\/10\/tough-case-for-iphone-matte-iphone-16-pro-max-front-6702a09a926e9.png","type":"image\/png"}],"twitter_card":"summary_large_image","twitter_misc":{"Est. reading time":"1 minute"},"schema":{"@context":"https:\/\/schema.org","@graph":[{"@type":"WebPage","@id":"https:\/\/zackmwekassa.org\/produit\/coque-diphone-rigide-11-15-pro-max\/","url":"https:\/\/zackmwekassa.org\/produit\/coque-diphone-rigide-11-15-pro-max\/","name":"Coque d'iPhone\u00ae rigide 11 - 15 Pro Max - Zack Mwekassa","isPartOf":{"@id":"https:\/\/zackmwekassa.org\/#website"},"primaryImageOfPage":{"@id":"https:\/\/zackmwekassa.org\/produit\/coque-diphone-rigide-11-15-pro-max\/#primaryimage"},"image":{"@id":"https:\/\/zackmwekassa.org\/produit\/coque-diphone-rigide-11-15-pro-max\/#primaryimage"},"thumbnailUrl":"https:\/\/zackmwekassa.org\/wp-content\/uploads\/2024\/10\/tough-case-for-iphone-matte-iphone-16-pro-max-front-6702a09a926e9.png","datePublished":"2024-10-06T14:37:32+00:00","dateModified":"2026-03-05T07:22:47+00:00","breadcrumb":{"@id":"https:\/\/zackmwekassa.org\/produit\/coque-diphone-rigide-11-15-pro-max\/#breadcrumb"},"inLanguage":"en-US","potentialAction":[{"@type":"ReadAction","target":["https:\/\/zackmwekassa.org\/produit\/coque-diphone-rigide-11-15-pro-max\/"]}]},{"@type":"ImageObject","inLanguage":"en-US","@id":"https:\/\/zackmwekassa.org\/produit\/coque-diphone-rigide-11-15-pro-max\/#primaryimage","url":"https:\/\/zackmwekassa.org\/wp-content\/uploads\/2024\/10\/tough-case-for-iphone-matte-iphone-16-pro-max-front-6702a09a926e9.png","contentUrl":"https:\/\/zackmwekassa.org\/wp-content\/uploads\/2024\/10\/tough-case-for-iphone-matte-iphone-16-pro-max-front-6702a09a926e9.png","width":2000,"height":2000},{"@type":"BreadcrumbList","@id":"https:\/\/zackmwekassa.org\/produit\/coque-diphone-rigide-11-15-pro-max\/#breadcrumb","itemListElement":[{"@type":"ListItem","position":1,"name":"Accueil","item":"https:\/\/zackmwekassa.org\/en\/"},{"@type":"ListItem","position":2,"name":"Boutique","item":"https:\/\/zackmwekassa.org\/boutique\/"},{"@type":"ListItem","position":3,"name":"Coque d&rsquo;iPhone\u00ae rigide 11 &#8211; 15 Pro Max"}]},{"@type":"WebSite","@id":"https:\/\/zackmwekassa.org\/#website","url":"https:\/\/zackmwekassa.org\/","name":"Zack Mwekassa","description":"Le guerrier noir, votre fr\u00e8re !","publisher":{"@id":"https:\/\/zackmwekassa.org\/#organization"},"potentialAction":[{"@type":"SearchAction","target":{"@type":"EntryPoint","urlTemplate":"https:\/\/zackmwekassa.org\/?s={search_term_string}"},"query-input":{"@type":"PropertyValueSpecification","valueRequired":true,"valueName":"search_term_string"}}],"inLanguage":"en-US"},{"@type":["Organization","Place"],"@id":"https:\/\/zackmwekassa.org\/#organization","name":"Zack Mwekassa","url":"https:\/\/zackmwekassa.org\/","logo":{"@id":"https:\/\/zackmwekassa.org\/produit\/coque-diphone-rigide-11-15-pro-max\/#local-main-organization-logo"},"image":{"@id":"https:\/\/zackmwekassa.org\/produit\/coque-diphone-rigide-11-15-pro-max\/#local-main-organization-logo"},"telephone":[],"openingHoursSpecification":[{"@type":"OpeningHoursSpecification","dayOfWeek":["Monday","Tuesday","Wednesday","Thursday","Friday","Saturday","Sunday"],"opens":"09:00","closes":"17:00"}]},{"@type":"ImageObject","inLanguage":"en-US","@id":"https:\/\/zackmwekassa.org\/produit\/coque-diphone-rigide-11-15-pro-max\/#local-main-organization-logo","url":"https:\/\/zackmwekassa.org\/wp-content\/uploads\/2023\/06\/cropped-zack-mwekassa-icon.png","contentUrl":"https:\/\/zackmwekassa.org\/wp-content\/uploads\/2023\/06\/cropped-zack-mwekassa-icon.png","width":1920,"height":652,"caption":"Zack Mwekassa"}]}},"jetpack_sharing_enabled":true,"_links":{"self":[{"href":"https:\/\/zackmwekassa.org\/en\/wp-json\/wp\/v2\/product\/6804","targetHints":{"allow":["GET"]}}],"collection":[{"href":"https:\/\/zackmwekassa.org\/en\/wp-json\/wp\/v2\/product"}],"about":[{"href":"https:\/\/zackmwekassa.org\/en\/wp-json\/wp\/v2\/types\/product"}],"replies":[{"embeddable":true,"href":"https:\/\/zackmwekassa.org\/en\/wp-json\/wp\/v2\/comments?post=6804"}],"wp:featuredmedia":[{"embeddable":true,"href":"https:\/\/zackmwekassa.org\/en\/wp-json\/wp\/v2\/media\/6828"}],"wp:attachment":[{"href":"https:\/\/zackmwekassa.org\/en\/wp-json\/wp\/v2\/media?parent=6804"}],"wp:term":[{"taxonomy":"product_brand","embeddable":true,"href":"https:\/\/zackmwekassa.org\/en\/wp-json\/wp\/v2\/product_brand?post=6804"},{"taxonomy":"product_cat","embeddable":true,"href":"https:\/\/zackmwekassa.org\/en\/wp-json\/wp\/v2\/product_cat?post=6804"},{"taxonomy":"product_tag","embeddable":true,"href":"https:\/\/zackmwekassa.org\/en\/wp-json\/wp\/v2\/product_tag?post=6804"}],"curies":[{"name":"wp","href":"https:\/\/api.w.org\/{rel}","templated":true}]}}