{"id":6769,"date":"2024-10-06T14:26:24","date_gmt":"2024-10-06T14:26:24","guid":{"rendered":"https:\/\/zackmwekassa.org\/produit\/bonnet-a-revers\/"},"modified":"2024-10-06T14:26:39","modified_gmt":"2024-10-06T14:26:39","slug":"bonnet-a-revers","status":"publish","type":"product","link":"https:\/\/zackmwekassa.org\/en\/produit\/bonnet-a-revers\/","title":{"rendered":"Bonnet \u00e0 Revers"},"content":{"rendered":"<p>Un bonnet confortable et bien ajust\u00e9. Un accessoire indispensable pour votre garde-robe d&#8217;hiver.<\/p>\n<p>&#8211; 100\u00a0% acrylique Turbo<br \/>\n&#8211; Longueur de 30 cm (12 &#8220;)<br \/>\n&#8211; Hypoallerg\u00e9nique<br \/>\n&#8211; Style unisexe<br \/>\n&#8211; Lavable \u00e0 la main<br \/>\n&#8211; Produit vierge provenant du Vietnam, du Bangladesh ou de la R\u00e9publique de Cor\u00e9e<\/p>\n","protected":false},"excerpt":{"rendered":"<p>Un bonnet confortable et bien ajust\u00e9. Un accessoire indispensable pour votre garde-robe d&#8217;hiver. &#8211; 100\u00a0% acrylique Turbo &#8211; Longueur de 30 cm (12 &#8220;) &#8211; Hypoallerg\u00e9nique &#8211; Style unisexe &#8211; Lavable \u00e0 la main &#8211; Produit vierge provenant du Vietnam, du Bangladesh ou de la R\u00e9publique de Cor\u00e9e<\/p>\n","protected":false},"featured_media":6772,"comment_status":"open","ping_status":"closed","template":"","meta":[],"product_brand":[],"product_cat":[1939],"product_tag":[],"class_list":{"0":"post-6769","1":"product","2":"type-product","3":"status-publish","4":"has-post-thumbnail","6":"product_cat-accessoire-zack","8":"first","9":"instock","10":"shipping-taxable","11":"purchasable","12":"product-type-simple"},"yoast_head":"<!-- This site is optimized with the Yoast SEO Premium plugin v23.7 (Yoast SEO v27.5) - https:\/\/yoast.com\/product\/yoast-seo-premium-wordpress\/ -->\n<title>Bonnet \u00e0 Revers - Zack Mwekassa<\/title>\n<meta name=\"robots\" content=\"index, follow, max-snippet:-1, max-image-preview:large, max-video-preview:-1\" \/>\n<link rel=\"canonical\" href=\"https:\/\/zackmwekassa.org\/produit\/bonnet-a-revers\/\" \/>\n<meta property=\"og:locale\" content=\"en_US\" \/>\n<meta property=\"og:type\" content=\"article\" \/>\n<meta property=\"og:title\" content=\"Bonnet \u00e0 Revers\" \/>\n<meta property=\"og:description\" content=\"Un bonnet confortable et bien ajust\u00e9. Un accessoire indispensable pour votre garde-robe d&#8217;hiver. &#8211; 100\u00a0% acrylique Turbo &#8211; Longueur de 30 cm (12 &#8220;) &#8211; Hypoallerg\u00e9nique &#8211; Style unisexe &#8211; Lavable \u00e0 la main &#8211; Produit vierge provenant du Vietnam, du Bangladesh ou de la R\u00e9publique de Cor\u00e9e\" \/>\n<meta property=\"og:url\" content=\"https:\/\/zackmwekassa.org\/produit\/bonnet-a-revers\/\" \/>\n<meta property=\"og:site_name\" content=\"Zack Mwekassa\" \/>\n<meta property=\"article:modified_time\" content=\"2024-10-06T14:26:39+00:00\" \/>\n<meta property=\"og:image\" content=\"https:\/\/zackmwekassa.org\/wp-content\/uploads\/2024\/10\/cuffed-beanie-white-front-67029e076e600.jpg\" \/>\n\t<meta property=\"og:image:width\" content=\"2000\" \/>\n\t<meta property=\"og:image:height\" content=\"2000\" \/>\n\t<meta property=\"og:image:type\" content=\"image\/jpeg\" \/>\n<meta name=\"twitter:card\" content=\"summary_large_image\" \/>\n<script type=\"application\/ld+json\" class=\"yoast-schema-graph\">{\"@context\":\"https:\\\/\\\/schema.org\",\"@graph\":[{\"@type\":\"WebPage\",\"@id\":\"https:\\\/\\\/zackmwekassa.org\\\/produit\\\/bonnet-a-revers\\\/\",\"url\":\"https:\\\/\\\/zackmwekassa.org\\\/produit\\\/bonnet-a-revers\\\/\",\"name\":\"Bonnet \u00e0 Revers - Zack Mwekassa\",\"isPartOf\":{\"@id\":\"https:\\\/\\\/zackmwekassa.org\\\/#website\"},\"primaryImageOfPage\":{\"@id\":\"https:\\\/\\\/zackmwekassa.org\\\/produit\\\/bonnet-a-revers\\\/#primaryimage\"},\"image\":{\"@id\":\"https:\\\/\\\/zackmwekassa.org\\\/produit\\\/bonnet-a-revers\\\/#primaryimage\"},\"thumbnailUrl\":\"https:\\\/\\\/zackmwekassa.org\\\/wp-content\\\/uploads\\\/2024\\\/10\\\/cuffed-beanie-white-front-67029e076e600.jpg\",\"datePublished\":\"2024-10-06T14:26:24+00:00\",\"dateModified\":\"2024-10-06T14:26:39+00:00\",\"breadcrumb\":{\"@id\":\"https:\\\/\\\/zackmwekassa.org\\\/produit\\\/bonnet-a-revers\\\/#breadcrumb\"},\"inLanguage\":\"en-US\",\"potentialAction\":[{\"@type\":\"ReadAction\",\"target\":[\"https:\\\/\\\/zackmwekassa.org\\\/produit\\\/bonnet-a-revers\\\/\"]}]},{\"@type\":\"ImageObject\",\"inLanguage\":\"en-US\",\"@id\":\"https:\\\/\\\/zackmwekassa.org\\\/produit\\\/bonnet-a-revers\\\/#primaryimage\",\"url\":\"https:\\\/\\\/zackmwekassa.org\\\/wp-content\\\/uploads\\\/2024\\\/10\\\/cuffed-beanie-white-front-67029e076e600.jpg\",\"contentUrl\":\"https:\\\/\\\/zackmwekassa.org\\\/wp-content\\\/uploads\\\/2024\\\/10\\\/cuffed-beanie-white-front-67029e076e600.jpg\",\"width\":2000,\"height\":2000},{\"@type\":\"BreadcrumbList\",\"@id\":\"https:\\\/\\\/zackmwekassa.org\\\/produit\\\/bonnet-a-revers\\\/#breadcrumb\",\"itemListElement\":[{\"@type\":\"ListItem\",\"position\":1,\"name\":\"Accueil\",\"item\":\"https:\\\/\\\/zackmwekassa.org\\\/en\\\/\"},{\"@type\":\"ListItem\",\"position\":2,\"name\":\"Boutique\",\"item\":\"https:\\\/\\\/zackmwekassa.org\\\/boutique\\\/\"},{\"@type\":\"ListItem\",\"position\":3,\"name\":\"Bonnet \u00e0 Revers\"}]},{\"@type\":\"WebSite\",\"@id\":\"https:\\\/\\\/zackmwekassa.org\\\/#website\",\"url\":\"https:\\\/\\\/zackmwekassa.org\\\/\",\"name\":\"Zack Mwekassa\",\"description\":\"Le guerrier noir, votre fr\u00e8re !\",\"publisher\":{\"@id\":\"https:\\\/\\\/zackmwekassa.org\\\/#organization\"},\"potentialAction\":[{\"@type\":\"SearchAction\",\"target\":{\"@type\":\"EntryPoint\",\"urlTemplate\":\"https:\\\/\\\/zackmwekassa.org\\\/?s={search_term_string}\"},\"query-input\":{\"@type\":\"PropertyValueSpecification\",\"valueRequired\":true,\"valueName\":\"search_term_string\"}}],\"inLanguage\":\"en-US\"},{\"@type\":[\"Organization\",\"Place\"],\"@id\":\"https:\\\/\\\/zackmwekassa.org\\\/#organization\",\"name\":\"Zack Mwekassa\",\"url\":\"https:\\\/\\\/zackmwekassa.org\\\/\",\"logo\":{\"@id\":\"https:\\\/\\\/zackmwekassa.org\\\/produit\\\/bonnet-a-revers\\\/#local-main-organization-logo\"},\"image\":{\"@id\":\"https:\\\/\\\/zackmwekassa.org\\\/produit\\\/bonnet-a-revers\\\/#local-main-organization-logo\"},\"telephone\":[],\"openingHoursSpecification\":[{\"@type\":\"OpeningHoursSpecification\",\"dayOfWeek\":[\"Monday\",\"Tuesday\",\"Wednesday\",\"Thursday\",\"Friday\",\"Saturday\",\"Sunday\"],\"opens\":\"09:00\",\"closes\":\"17:00\"}]},{\"@type\":\"ImageObject\",\"inLanguage\":\"en-US\",\"@id\":\"https:\\\/\\\/zackmwekassa.org\\\/produit\\\/bonnet-a-revers\\\/#local-main-organization-logo\",\"url\":\"https:\\\/\\\/zackmwekassa.org\\\/wp-content\\\/uploads\\\/2023\\\/06\\\/cropped-zack-mwekassa-icon.png\",\"contentUrl\":\"https:\\\/\\\/zackmwekassa.org\\\/wp-content\\\/uploads\\\/2023\\\/06\\\/cropped-zack-mwekassa-icon.png\",\"width\":1920,\"height\":652,\"caption\":\"Zack Mwekassa\"}]}<\/script>\n<!-- \/ Yoast SEO Premium plugin. -->","yoast_head_json":{"title":"Bonnet \u00e0 Revers - Zack Mwekassa","robots":{"index":"index","follow":"follow","max-snippet":"max-snippet:-1","max-image-preview":"max-image-preview:large","max-video-preview":"max-video-preview:-1"},"canonical":"https:\/\/zackmwekassa.org\/produit\/bonnet-a-revers\/","og_locale":"en_US","og_type":"article","og_title":"Bonnet \u00e0 Revers","og_description":"Un bonnet confortable et bien ajust\u00e9. Un accessoire indispensable pour votre garde-robe d&#8217;hiver. &#8211; 100\u00a0% acrylique Turbo &#8211; Longueur de 30 cm (12 &#8220;) &#8211; Hypoallerg\u00e9nique &#8211; Style unisexe &#8211; Lavable \u00e0 la main &#8211; Produit vierge provenant du Vietnam, du Bangladesh ou de la R\u00e9publique de Cor\u00e9e","og_url":"https:\/\/zackmwekassa.org\/produit\/bonnet-a-revers\/","og_site_name":"Zack Mwekassa","article_modified_time":"2024-10-06T14:26:39+00:00","og_image":[{"width":2000,"height":2000,"url":"https:\/\/zackmwekassa.org\/wp-content\/uploads\/2024\/10\/cuffed-beanie-white-front-67029e076e600.jpg","type":"image\/jpeg"}],"twitter_card":"summary_large_image","schema":{"@context":"https:\/\/schema.org","@graph":[{"@type":"WebPage","@id":"https:\/\/zackmwekassa.org\/produit\/bonnet-a-revers\/","url":"https:\/\/zackmwekassa.org\/produit\/bonnet-a-revers\/","name":"Bonnet \u00e0 Revers - Zack Mwekassa","isPartOf":{"@id":"https:\/\/zackmwekassa.org\/#website"},"primaryImageOfPage":{"@id":"https:\/\/zackmwekassa.org\/produit\/bonnet-a-revers\/#primaryimage"},"image":{"@id":"https:\/\/zackmwekassa.org\/produit\/bonnet-a-revers\/#primaryimage"},"thumbnailUrl":"https:\/\/zackmwekassa.org\/wp-content\/uploads\/2024\/10\/cuffed-beanie-white-front-67029e076e600.jpg","datePublished":"2024-10-06T14:26:24+00:00","dateModified":"2024-10-06T14:26:39+00:00","breadcrumb":{"@id":"https:\/\/zackmwekassa.org\/produit\/bonnet-a-revers\/#breadcrumb"},"inLanguage":"en-US","potentialAction":[{"@type":"ReadAction","target":["https:\/\/zackmwekassa.org\/produit\/bonnet-a-revers\/"]}]},{"@type":"ImageObject","inLanguage":"en-US","@id":"https:\/\/zackmwekassa.org\/produit\/bonnet-a-revers\/#primaryimage","url":"https:\/\/zackmwekassa.org\/wp-content\/uploads\/2024\/10\/cuffed-beanie-white-front-67029e076e600.jpg","contentUrl":"https:\/\/zackmwekassa.org\/wp-content\/uploads\/2024\/10\/cuffed-beanie-white-front-67029e076e600.jpg","width":2000,"height":2000},{"@type":"BreadcrumbList","@id":"https:\/\/zackmwekassa.org\/produit\/bonnet-a-revers\/#breadcrumb","itemListElement":[{"@type":"ListItem","position":1,"name":"Accueil","item":"https:\/\/zackmwekassa.org\/en\/"},{"@type":"ListItem","position":2,"name":"Boutique","item":"https:\/\/zackmwekassa.org\/boutique\/"},{"@type":"ListItem","position":3,"name":"Bonnet \u00e0 Revers"}]},{"@type":"WebSite","@id":"https:\/\/zackmwekassa.org\/#website","url":"https:\/\/zackmwekassa.org\/","name":"Zack Mwekassa","description":"Le guerrier noir, votre fr\u00e8re !","publisher":{"@id":"https:\/\/zackmwekassa.org\/#organization"},"potentialAction":[{"@type":"SearchAction","target":{"@type":"EntryPoint","urlTemplate":"https:\/\/zackmwekassa.org\/?s={search_term_string}"},"query-input":{"@type":"PropertyValueSpecification","valueRequired":true,"valueName":"search_term_string"}}],"inLanguage":"en-US"},{"@type":["Organization","Place"],"@id":"https:\/\/zackmwekassa.org\/#organization","name":"Zack Mwekassa","url":"https:\/\/zackmwekassa.org\/","logo":{"@id":"https:\/\/zackmwekassa.org\/produit\/bonnet-a-revers\/#local-main-organization-logo"},"image":{"@id":"https:\/\/zackmwekassa.org\/produit\/bonnet-a-revers\/#local-main-organization-logo"},"telephone":[],"openingHoursSpecification":[{"@type":"OpeningHoursSpecification","dayOfWeek":["Monday","Tuesday","Wednesday","Thursday","Friday","Saturday","Sunday"],"opens":"09:00","closes":"17:00"}]},{"@type":"ImageObject","inLanguage":"en-US","@id":"https:\/\/zackmwekassa.org\/produit\/bonnet-a-revers\/#local-main-organization-logo","url":"https:\/\/zackmwekassa.org\/wp-content\/uploads\/2023\/06\/cropped-zack-mwekassa-icon.png","contentUrl":"https:\/\/zackmwekassa.org\/wp-content\/uploads\/2023\/06\/cropped-zack-mwekassa-icon.png","width":1920,"height":652,"caption":"Zack Mwekassa"}]}},"jetpack_sharing_enabled":true,"_links":{"self":[{"href":"https:\/\/zackmwekassa.org\/en\/wp-json\/wp\/v2\/product\/6769","targetHints":{"allow":["GET"]}}],"collection":[{"href":"https:\/\/zackmwekassa.org\/en\/wp-json\/wp\/v2\/product"}],"about":[{"href":"https:\/\/zackmwekassa.org\/en\/wp-json\/wp\/v2\/types\/product"}],"replies":[{"embeddable":true,"href":"https:\/\/zackmwekassa.org\/en\/wp-json\/wp\/v2\/comments?post=6769"}],"wp:featuredmedia":[{"embeddable":true,"href":"https:\/\/zackmwekassa.org\/en\/wp-json\/wp\/v2\/media\/6772"}],"wp:attachment":[{"href":"https:\/\/zackmwekassa.org\/en\/wp-json\/wp\/v2\/media?parent=6769"}],"wp:term":[{"taxonomy":"product_brand","embeddable":true,"href":"https:\/\/zackmwekassa.org\/en\/wp-json\/wp\/v2\/product_brand?post=6769"},{"taxonomy":"product_cat","embeddable":true,"href":"https:\/\/zackmwekassa.org\/en\/wp-json\/wp\/v2\/product_cat?post=6769"},{"taxonomy":"product_tag","embeddable":true,"href":"https:\/\/zackmwekassa.org\/en\/wp-json\/wp\/v2\/product_tag?post=6769"}],"curies":[{"name":"wp","href":"https:\/\/api.w.org\/{rel}","templated":true}]}}