{"id":6762,"date":"2024-10-06T14:21:06","date_gmt":"2024-10-06T14:21:06","guid":{"rendered":"https:\/\/zackmwekassa.org\/produit\/t-shirt-teinte-lourd-unisexe\/"},"modified":"2024-10-06T14:21:22","modified_gmt":"2024-10-06T14:21:22","slug":"t-shirt-teinte-lourd-unisexe","status":"publish","type":"product","link":"https:\/\/zackmwekassa.org\/en\/produit\/t-shirt-teinte-lourd-unisexe\/","title":{"rendered":"T-shirt teint\u00e9 lourd unisexe"},"content":{"rendered":"<p>Si vous recherchez un t-shirt \u00e9pais avec une coupe structur\u00e9e qui soit \u00e9galement super doux et respirant, ne cherchez plus ! Ce T-shirt teint\u00e9 lourd unisexe remplit toutes les conditions et est fabriqu\u00e9 en 100 % coton ring-spun. Le style classique de ce t-shirt convient \u00e0 la plupart des looks et s&#8217;adapte parfaitement \u00e0 votre morphologie.<\/p>\n<p>\u2022 100% ring-spun coton<br \/>\n\u2022 Poids du tissu\u00a0: 206,8 g\/m\u00b2 (6,1 oz\/yd\u00b2)<br \/>\n\u2022 Tissu teint<br \/>\n\u2022 Coupe d\u00e9tendue<br \/>\n\u2022 Col \u00e0 couture double 7\/8\u00a0\u2033<br \/>\n\u2022 Col et \u00e9paules \u00e0 double bande pour une durabilit\u00e9 suppl\u00e9mentaire<br \/>\n\u2022 Emmanchure, manches et ourlets \u00e0 couture double<br \/>\n\u2022 Produit vierge provenant du Honduras<\/p>\n","protected":false},"excerpt":{"rendered":"<p>Si vous recherchez un t-shirt \u00e9pais avec une coupe structur\u00e9e qui soit \u00e9galement super doux et respirant, ne cherchez plus ! Ce T-shirt teint\u00e9 lourd unisexe remplit toutes les conditions et est fabriqu\u00e9 en 100 % coton ring-spun. Le style classique de ce t-shirt convient \u00e0 la plupart des looks et s&#8217;adapte parfaitement \u00e0 votre &hellip;<\/p>\n","protected":false},"featured_media":6767,"comment_status":"open","ping_status":"closed","template":"","meta":[],"product_brand":[],"product_cat":[1939],"product_tag":[],"class_list":{"0":"post-6762","1":"product","2":"type-product","3":"status-publish","4":"has-post-thumbnail","6":"product_cat-accessoire-zack","8":"first","9":"instock","10":"shipping-taxable","11":"purchasable","12":"product-type-simple"},"yoast_head":"<!-- This site is optimized with the Yoast SEO Premium plugin v23.7 (Yoast SEO v27.5) - https:\/\/yoast.com\/product\/yoast-seo-premium-wordpress\/ -->\n<title>T-shirt teint\u00e9 lourd unisexe - Zack Mwekassa<\/title>\n<meta name=\"robots\" content=\"index, follow, max-snippet:-1, max-image-preview:large, max-video-preview:-1\" \/>\n<link rel=\"canonical\" href=\"https:\/\/zackmwekassa.org\/produit\/t-shirt-teinte-lourd-unisexe\/\" \/>\n<meta property=\"og:locale\" content=\"en_US\" \/>\n<meta property=\"og:type\" content=\"article\" \/>\n<meta property=\"og:title\" content=\"T-shirt teint\u00e9 lourd unisexe\" \/>\n<meta property=\"og:description\" content=\"Si vous recherchez un t-shirt \u00e9pais avec une coupe structur\u00e9e qui soit \u00e9galement super doux et respirant, ne cherchez plus ! Ce T-shirt teint\u00e9 lourd unisexe remplit toutes les conditions et est fabriqu\u00e9 en 100 % coton ring-spun. Le style classique de ce t-shirt convient \u00e0 la plupart des looks et s&#8217;adapte parfaitement \u00e0 votre &hellip;\" \/>\n<meta property=\"og:url\" content=\"https:\/\/zackmwekassa.org\/produit\/t-shirt-teinte-lourd-unisexe\/\" \/>\n<meta property=\"og:site_name\" content=\"Zack Mwekassa\" \/>\n<meta property=\"article:modified_time\" content=\"2024-10-06T14:21:22+00:00\" \/>\n<meta property=\"og:image\" content=\"https:\/\/zackmwekassa.org\/wp-content\/uploads\/2024\/10\/unisex-garment-dyed-heavyweight-t-shirt-white-front-67029ccaaa910.jpg\" \/>\n\t<meta property=\"og:image:width\" content=\"2000\" \/>\n\t<meta property=\"og:image:height\" content=\"2000\" \/>\n\t<meta property=\"og:image:type\" content=\"image\/jpeg\" \/>\n<meta name=\"twitter:card\" content=\"summary_large_image\" \/>\n<script type=\"application\/ld+json\" class=\"yoast-schema-graph\">{\"@context\":\"https:\\\/\\\/schema.org\",\"@graph\":[{\"@type\":\"WebPage\",\"@id\":\"https:\\\/\\\/zackmwekassa.org\\\/produit\\\/t-shirt-teinte-lourd-unisexe\\\/\",\"url\":\"https:\\\/\\\/zackmwekassa.org\\\/produit\\\/t-shirt-teinte-lourd-unisexe\\\/\",\"name\":\"T-shirt teint\u00e9 lourd unisexe - Zack Mwekassa\",\"isPartOf\":{\"@id\":\"https:\\\/\\\/zackmwekassa.org\\\/#website\"},\"primaryImageOfPage\":{\"@id\":\"https:\\\/\\\/zackmwekassa.org\\\/produit\\\/t-shirt-teinte-lourd-unisexe\\\/#primaryimage\"},\"image\":{\"@id\":\"https:\\\/\\\/zackmwekassa.org\\\/produit\\\/t-shirt-teinte-lourd-unisexe\\\/#primaryimage\"},\"thumbnailUrl\":\"https:\\\/\\\/zackmwekassa.org\\\/wp-content\\\/uploads\\\/2024\\\/10\\\/unisex-garment-dyed-heavyweight-t-shirt-white-front-67029ccaaa910.jpg\",\"datePublished\":\"2024-10-06T14:21:06+00:00\",\"dateModified\":\"2024-10-06T14:21:22+00:00\",\"breadcrumb\":{\"@id\":\"https:\\\/\\\/zackmwekassa.org\\\/produit\\\/t-shirt-teinte-lourd-unisexe\\\/#breadcrumb\"},\"inLanguage\":\"en-US\",\"potentialAction\":[{\"@type\":\"ReadAction\",\"target\":[\"https:\\\/\\\/zackmwekassa.org\\\/produit\\\/t-shirt-teinte-lourd-unisexe\\\/\"]}]},{\"@type\":\"ImageObject\",\"inLanguage\":\"en-US\",\"@id\":\"https:\\\/\\\/zackmwekassa.org\\\/produit\\\/t-shirt-teinte-lourd-unisexe\\\/#primaryimage\",\"url\":\"https:\\\/\\\/zackmwekassa.org\\\/wp-content\\\/uploads\\\/2024\\\/10\\\/unisex-garment-dyed-heavyweight-t-shirt-white-front-67029ccaaa910.jpg\",\"contentUrl\":\"https:\\\/\\\/zackmwekassa.org\\\/wp-content\\\/uploads\\\/2024\\\/10\\\/unisex-garment-dyed-heavyweight-t-shirt-white-front-67029ccaaa910.jpg\",\"width\":2000,\"height\":2000},{\"@type\":\"BreadcrumbList\",\"@id\":\"https:\\\/\\\/zackmwekassa.org\\\/produit\\\/t-shirt-teinte-lourd-unisexe\\\/#breadcrumb\",\"itemListElement\":[{\"@type\":\"ListItem\",\"position\":1,\"name\":\"Accueil\",\"item\":\"https:\\\/\\\/zackmwekassa.org\\\/en\\\/\"},{\"@type\":\"ListItem\",\"position\":2,\"name\":\"Boutique\",\"item\":\"https:\\\/\\\/zackmwekassa.org\\\/boutique\\\/\"},{\"@type\":\"ListItem\",\"position\":3,\"name\":\"T-shirt teint\u00e9 lourd unisexe\"}]},{\"@type\":\"WebSite\",\"@id\":\"https:\\\/\\\/zackmwekassa.org\\\/#website\",\"url\":\"https:\\\/\\\/zackmwekassa.org\\\/\",\"name\":\"Zack Mwekassa\",\"description\":\"Le guerrier noir, votre fr\u00e8re !\",\"publisher\":{\"@id\":\"https:\\\/\\\/zackmwekassa.org\\\/#organization\"},\"potentialAction\":[{\"@type\":\"SearchAction\",\"target\":{\"@type\":\"EntryPoint\",\"urlTemplate\":\"https:\\\/\\\/zackmwekassa.org\\\/?s={search_term_string}\"},\"query-input\":{\"@type\":\"PropertyValueSpecification\",\"valueRequired\":true,\"valueName\":\"search_term_string\"}}],\"inLanguage\":\"en-US\"},{\"@type\":[\"Organization\",\"Place\"],\"@id\":\"https:\\\/\\\/zackmwekassa.org\\\/#organization\",\"name\":\"Zack Mwekassa\",\"url\":\"https:\\\/\\\/zackmwekassa.org\\\/\",\"logo\":{\"@id\":\"https:\\\/\\\/zackmwekassa.org\\\/produit\\\/t-shirt-teinte-lourd-unisexe\\\/#local-main-organization-logo\"},\"image\":{\"@id\":\"https:\\\/\\\/zackmwekassa.org\\\/produit\\\/t-shirt-teinte-lourd-unisexe\\\/#local-main-organization-logo\"},\"telephone\":[],\"openingHoursSpecification\":[{\"@type\":\"OpeningHoursSpecification\",\"dayOfWeek\":[\"Monday\",\"Tuesday\",\"Wednesday\",\"Thursday\",\"Friday\",\"Saturday\",\"Sunday\"],\"opens\":\"09:00\",\"closes\":\"17:00\"}]},{\"@type\":\"ImageObject\",\"inLanguage\":\"en-US\",\"@id\":\"https:\\\/\\\/zackmwekassa.org\\\/produit\\\/t-shirt-teinte-lourd-unisexe\\\/#local-main-organization-logo\",\"url\":\"https:\\\/\\\/zackmwekassa.org\\\/wp-content\\\/uploads\\\/2023\\\/06\\\/cropped-zack-mwekassa-icon.png\",\"contentUrl\":\"https:\\\/\\\/zackmwekassa.org\\\/wp-content\\\/uploads\\\/2023\\\/06\\\/cropped-zack-mwekassa-icon.png\",\"width\":1920,\"height\":652,\"caption\":\"Zack Mwekassa\"}]}<\/script>\n<!-- \/ Yoast SEO Premium plugin. -->","yoast_head_json":{"title":"T-shirt teint\u00e9 lourd unisexe - Zack Mwekassa","robots":{"index":"index","follow":"follow","max-snippet":"max-snippet:-1","max-image-preview":"max-image-preview:large","max-video-preview":"max-video-preview:-1"},"canonical":"https:\/\/zackmwekassa.org\/produit\/t-shirt-teinte-lourd-unisexe\/","og_locale":"en_US","og_type":"article","og_title":"T-shirt teint\u00e9 lourd unisexe","og_description":"Si vous recherchez un t-shirt \u00e9pais avec une coupe structur\u00e9e qui soit \u00e9galement super doux et respirant, ne cherchez plus ! Ce T-shirt teint\u00e9 lourd unisexe remplit toutes les conditions et est fabriqu\u00e9 en 100 % coton ring-spun. Le style classique de ce t-shirt convient \u00e0 la plupart des looks et s&#8217;adapte parfaitement \u00e0 votre &hellip;","og_url":"https:\/\/zackmwekassa.org\/produit\/t-shirt-teinte-lourd-unisexe\/","og_site_name":"Zack Mwekassa","article_modified_time":"2024-10-06T14:21:22+00:00","og_image":[{"width":2000,"height":2000,"url":"https:\/\/zackmwekassa.org\/wp-content\/uploads\/2024\/10\/unisex-garment-dyed-heavyweight-t-shirt-white-front-67029ccaaa910.jpg","type":"image\/jpeg"}],"twitter_card":"summary_large_image","schema":{"@context":"https:\/\/schema.org","@graph":[{"@type":"WebPage","@id":"https:\/\/zackmwekassa.org\/produit\/t-shirt-teinte-lourd-unisexe\/","url":"https:\/\/zackmwekassa.org\/produit\/t-shirt-teinte-lourd-unisexe\/","name":"T-shirt teint\u00e9 lourd unisexe - Zack Mwekassa","isPartOf":{"@id":"https:\/\/zackmwekassa.org\/#website"},"primaryImageOfPage":{"@id":"https:\/\/zackmwekassa.org\/produit\/t-shirt-teinte-lourd-unisexe\/#primaryimage"},"image":{"@id":"https:\/\/zackmwekassa.org\/produit\/t-shirt-teinte-lourd-unisexe\/#primaryimage"},"thumbnailUrl":"https:\/\/zackmwekassa.org\/wp-content\/uploads\/2024\/10\/unisex-garment-dyed-heavyweight-t-shirt-white-front-67029ccaaa910.jpg","datePublished":"2024-10-06T14:21:06+00:00","dateModified":"2024-10-06T14:21:22+00:00","breadcrumb":{"@id":"https:\/\/zackmwekassa.org\/produit\/t-shirt-teinte-lourd-unisexe\/#breadcrumb"},"inLanguage":"en-US","potentialAction":[{"@type":"ReadAction","target":["https:\/\/zackmwekassa.org\/produit\/t-shirt-teinte-lourd-unisexe\/"]}]},{"@type":"ImageObject","inLanguage":"en-US","@id":"https:\/\/zackmwekassa.org\/produit\/t-shirt-teinte-lourd-unisexe\/#primaryimage","url":"https:\/\/zackmwekassa.org\/wp-content\/uploads\/2024\/10\/unisex-garment-dyed-heavyweight-t-shirt-white-front-67029ccaaa910.jpg","contentUrl":"https:\/\/zackmwekassa.org\/wp-content\/uploads\/2024\/10\/unisex-garment-dyed-heavyweight-t-shirt-white-front-67029ccaaa910.jpg","width":2000,"height":2000},{"@type":"BreadcrumbList","@id":"https:\/\/zackmwekassa.org\/produit\/t-shirt-teinte-lourd-unisexe\/#breadcrumb","itemListElement":[{"@type":"ListItem","position":1,"name":"Accueil","item":"https:\/\/zackmwekassa.org\/en\/"},{"@type":"ListItem","position":2,"name":"Boutique","item":"https:\/\/zackmwekassa.org\/boutique\/"},{"@type":"ListItem","position":3,"name":"T-shirt teint\u00e9 lourd unisexe"}]},{"@type":"WebSite","@id":"https:\/\/zackmwekassa.org\/#website","url":"https:\/\/zackmwekassa.org\/","name":"Zack Mwekassa","description":"Le guerrier noir, votre fr\u00e8re !","publisher":{"@id":"https:\/\/zackmwekassa.org\/#organization"},"potentialAction":[{"@type":"SearchAction","target":{"@type":"EntryPoint","urlTemplate":"https:\/\/zackmwekassa.org\/?s={search_term_string}"},"query-input":{"@type":"PropertyValueSpecification","valueRequired":true,"valueName":"search_term_string"}}],"inLanguage":"en-US"},{"@type":["Organization","Place"],"@id":"https:\/\/zackmwekassa.org\/#organization","name":"Zack Mwekassa","url":"https:\/\/zackmwekassa.org\/","logo":{"@id":"https:\/\/zackmwekassa.org\/produit\/t-shirt-teinte-lourd-unisexe\/#local-main-organization-logo"},"image":{"@id":"https:\/\/zackmwekassa.org\/produit\/t-shirt-teinte-lourd-unisexe\/#local-main-organization-logo"},"telephone":[],"openingHoursSpecification":[{"@type":"OpeningHoursSpecification","dayOfWeek":["Monday","Tuesday","Wednesday","Thursday","Friday","Saturday","Sunday"],"opens":"09:00","closes":"17:00"}]},{"@type":"ImageObject","inLanguage":"en-US","@id":"https:\/\/zackmwekassa.org\/produit\/t-shirt-teinte-lourd-unisexe\/#local-main-organization-logo","url":"https:\/\/zackmwekassa.org\/wp-content\/uploads\/2023\/06\/cropped-zack-mwekassa-icon.png","contentUrl":"https:\/\/zackmwekassa.org\/wp-content\/uploads\/2023\/06\/cropped-zack-mwekassa-icon.png","width":1920,"height":652,"caption":"Zack Mwekassa"}]}},"jetpack_sharing_enabled":true,"_links":{"self":[{"href":"https:\/\/zackmwekassa.org\/en\/wp-json\/wp\/v2\/product\/6762","targetHints":{"allow":["GET"]}}],"collection":[{"href":"https:\/\/zackmwekassa.org\/en\/wp-json\/wp\/v2\/product"}],"about":[{"href":"https:\/\/zackmwekassa.org\/en\/wp-json\/wp\/v2\/types\/product"}],"replies":[{"embeddable":true,"href":"https:\/\/zackmwekassa.org\/en\/wp-json\/wp\/v2\/comments?post=6762"}],"wp:featuredmedia":[{"embeddable":true,"href":"https:\/\/zackmwekassa.org\/en\/wp-json\/wp\/v2\/media\/6767"}],"wp:attachment":[{"href":"https:\/\/zackmwekassa.org\/en\/wp-json\/wp\/v2\/media?parent=6762"}],"wp:term":[{"taxonomy":"product_brand","embeddable":true,"href":"https:\/\/zackmwekassa.org\/en\/wp-json\/wp\/v2\/product_brand?post=6762"},{"taxonomy":"product_cat","embeddable":true,"href":"https:\/\/zackmwekassa.org\/en\/wp-json\/wp\/v2\/product_cat?post=6762"},{"taxonomy":"product_tag","embeddable":true,"href":"https:\/\/zackmwekassa.org\/en\/wp-json\/wp\/v2\/product_tag?post=6762"}],"curies":[{"name":"wp","href":"https:\/\/api.w.org\/{rel}","templated":true}]}}