{"id":6749,"date":"2024-10-06T14:19:34","date_gmt":"2024-10-06T14:19:34","guid":{"rendered":"https:\/\/zackmwekassa.org\/produit\/sweat-a-capuche-homme-femme\/"},"modified":"2024-10-06T14:19:57","modified_gmt":"2024-10-06T14:19:57","slug":"sweat-a-capuche-homme-femme","status":"publish","type":"product","link":"https:\/\/zackmwekassa.org\/en\/produit\/sweat-a-capuche-homme-femme\/","title":{"rendered":"Sweat \u00e0 Capuche Homme &amp; Femme"},"content":{"rendered":"<p>Qui aurait su que le sweat \u00e0 capuche le plus doux qui existe, \u00e9tait aussi livr\u00e9 avec un design incroyable. Vous ne regretterez pas d&#8217;avoir achet\u00e9 ce classique du streetwear avec sa poche pratique et une capuche chaude pour les soir\u00e9es fra\u00eeches.<\/p>\n<p>\u2022 100\u00a0% coton<br \/>\n\u2022 65\u00a0% coton fil\u00e9 \u00e0 l&#8217;anneau, 35\u00a0% polyester<br \/>\n\u2022 Poche avant<br \/>\n\u2022 \u00c9cusson en tissu \u00e0 l&#8217;arri\u00e8re<br \/>\n\u2022 Cordons de serrage plats assortis<br \/>\n\u2022 Capuche \u00e0 3 panneaux<br \/>\n\u2022 Produit vierge provenant du Pakistan<\/p>\n<p>Avertissement\u00a0: ce sweat \u00e0 capuche est petit. Pour un ajustement parfait, nous vous recommandons de commander une taille plus grande que votre taille habituelle.<\/p>\n","protected":false},"excerpt":{"rendered":"<p>Qui aurait su que le sweat \u00e0 capuche le plus doux qui existe, \u00e9tait aussi livr\u00e9 avec un design incroyable. Vous ne regretterez pas d&#8217;avoir achet\u00e9 ce classique du streetwear avec sa poche pratique et une capuche chaude pour les soir\u00e9es fra\u00eeches. \u2022 100\u00a0% coton \u2022 65\u00a0% coton fil\u00e9 \u00e0 l&#8217;anneau, 35\u00a0% polyester \u2022 Poche &hellip;<\/p>\n","protected":false},"featured_media":6760,"comment_status":"open","ping_status":"closed","template":"","meta":[],"product_brand":[],"product_cat":[1939],"product_tag":[],"class_list":{"0":"post-6749","1":"product","2":"type-product","3":"status-publish","4":"has-post-thumbnail","6":"product_cat-accessoire-zack","8":"first","9":"instock","10":"shipping-taxable","11":"purchasable","12":"product-type-variable"},"yoast_head":"<!-- This site is optimized with the Yoast SEO Premium plugin v23.7 (Yoast SEO v27.5) - https:\/\/yoast.com\/product\/yoast-seo-premium-wordpress\/ -->\n<title>Sweat \u00e0 Capuche Homme &amp; Femme - Zack Mwekassa<\/title>\n<meta name=\"robots\" content=\"index, follow, max-snippet:-1, max-image-preview:large, max-video-preview:-1\" \/>\n<link rel=\"canonical\" href=\"https:\/\/zackmwekassa.org\/produit\/sweat-a-capuche-homme-femme\/\" \/>\n<meta property=\"og:locale\" content=\"en_US\" \/>\n<meta property=\"og:type\" content=\"article\" \/>\n<meta property=\"og:title\" content=\"Sweat \u00e0 Capuche Homme &amp; Femme\" \/>\n<meta property=\"og:description\" content=\"Qui aurait su que le sweat \u00e0 capuche le plus doux qui existe, \u00e9tait aussi livr\u00e9 avec un design incroyable. Vous ne regretterez pas d&#8217;avoir achet\u00e9 ce classique du streetwear avec sa poche pratique et une capuche chaude pour les soir\u00e9es fra\u00eeches. \u2022 100\u00a0% coton \u2022 65\u00a0% coton fil\u00e9 \u00e0 l&#8217;anneau, 35\u00a0% polyester \u2022 Poche &hellip;\" \/>\n<meta property=\"og:url\" content=\"https:\/\/zackmwekassa.org\/produit\/sweat-a-capuche-homme-femme\/\" \/>\n<meta property=\"og:site_name\" content=\"Zack Mwekassa\" \/>\n<meta property=\"article:modified_time\" content=\"2024-10-06T14:19:57+00:00\" \/>\n<meta property=\"og:image\" content=\"https:\/\/zackmwekassa.org\/wp-content\/uploads\/2024\/10\/unisex-premium-hoodie-white-front-67029c623c6a4.jpg\" \/>\n\t<meta property=\"og:image:width\" content=\"2000\" \/>\n\t<meta property=\"og:image:height\" content=\"2000\" \/>\n\t<meta property=\"og:image:type\" content=\"image\/jpeg\" \/>\n<meta name=\"twitter:card\" content=\"summary_large_image\" \/>\n<script type=\"application\/ld+json\" class=\"yoast-schema-graph\">{\"@context\":\"https:\\\/\\\/schema.org\",\"@graph\":[{\"@type\":\"WebPage\",\"@id\":\"https:\\\/\\\/zackmwekassa.org\\\/produit\\\/sweat-a-capuche-homme-femme\\\/\",\"url\":\"https:\\\/\\\/zackmwekassa.org\\\/produit\\\/sweat-a-capuche-homme-femme\\\/\",\"name\":\"Sweat \u00e0 Capuche Homme &amp; Femme - Zack Mwekassa\",\"isPartOf\":{\"@id\":\"https:\\\/\\\/zackmwekassa.org\\\/#website\"},\"primaryImageOfPage\":{\"@id\":\"https:\\\/\\\/zackmwekassa.org\\\/produit\\\/sweat-a-capuche-homme-femme\\\/#primaryimage\"},\"image\":{\"@id\":\"https:\\\/\\\/zackmwekassa.org\\\/produit\\\/sweat-a-capuche-homme-femme\\\/#primaryimage\"},\"thumbnailUrl\":\"https:\\\/\\\/zackmwekassa.org\\\/wp-content\\\/uploads\\\/2024\\\/10\\\/unisex-premium-hoodie-white-front-67029c623c6a4.jpg\",\"datePublished\":\"2024-10-06T14:19:34+00:00\",\"dateModified\":\"2024-10-06T14:19:57+00:00\",\"breadcrumb\":{\"@id\":\"https:\\\/\\\/zackmwekassa.org\\\/produit\\\/sweat-a-capuche-homme-femme\\\/#breadcrumb\"},\"inLanguage\":\"en-US\",\"potentialAction\":[{\"@type\":\"ReadAction\",\"target\":[\"https:\\\/\\\/zackmwekassa.org\\\/produit\\\/sweat-a-capuche-homme-femme\\\/\"]}]},{\"@type\":\"ImageObject\",\"inLanguage\":\"en-US\",\"@id\":\"https:\\\/\\\/zackmwekassa.org\\\/produit\\\/sweat-a-capuche-homme-femme\\\/#primaryimage\",\"url\":\"https:\\\/\\\/zackmwekassa.org\\\/wp-content\\\/uploads\\\/2024\\\/10\\\/unisex-premium-hoodie-white-front-67029c623c6a4.jpg\",\"contentUrl\":\"https:\\\/\\\/zackmwekassa.org\\\/wp-content\\\/uploads\\\/2024\\\/10\\\/unisex-premium-hoodie-white-front-67029c623c6a4.jpg\",\"width\":2000,\"height\":2000},{\"@type\":\"BreadcrumbList\",\"@id\":\"https:\\\/\\\/zackmwekassa.org\\\/produit\\\/sweat-a-capuche-homme-femme\\\/#breadcrumb\",\"itemListElement\":[{\"@type\":\"ListItem\",\"position\":1,\"name\":\"Accueil\",\"item\":\"https:\\\/\\\/zackmwekassa.org\\\/en\\\/\"},{\"@type\":\"ListItem\",\"position\":2,\"name\":\"Boutique\",\"item\":\"https:\\\/\\\/zackmwekassa.org\\\/boutique\\\/\"},{\"@type\":\"ListItem\",\"position\":3,\"name\":\"Sweat \u00e0 Capuche Homme &amp; Femme\"}]},{\"@type\":\"WebSite\",\"@id\":\"https:\\\/\\\/zackmwekassa.org\\\/#website\",\"url\":\"https:\\\/\\\/zackmwekassa.org\\\/\",\"name\":\"Zack Mwekassa\",\"description\":\"Le guerrier noir, votre fr\u00e8re !\",\"publisher\":{\"@id\":\"https:\\\/\\\/zackmwekassa.org\\\/#organization\"},\"potentialAction\":[{\"@type\":\"SearchAction\",\"target\":{\"@type\":\"EntryPoint\",\"urlTemplate\":\"https:\\\/\\\/zackmwekassa.org\\\/?s={search_term_string}\"},\"query-input\":{\"@type\":\"PropertyValueSpecification\",\"valueRequired\":true,\"valueName\":\"search_term_string\"}}],\"inLanguage\":\"en-US\"},{\"@type\":[\"Organization\",\"Place\"],\"@id\":\"https:\\\/\\\/zackmwekassa.org\\\/#organization\",\"name\":\"Zack Mwekassa\",\"url\":\"https:\\\/\\\/zackmwekassa.org\\\/\",\"logo\":{\"@id\":\"https:\\\/\\\/zackmwekassa.org\\\/produit\\\/sweat-a-capuche-homme-femme\\\/#local-main-organization-logo\"},\"image\":{\"@id\":\"https:\\\/\\\/zackmwekassa.org\\\/produit\\\/sweat-a-capuche-homme-femme\\\/#local-main-organization-logo\"},\"telephone\":[],\"openingHoursSpecification\":[{\"@type\":\"OpeningHoursSpecification\",\"dayOfWeek\":[\"Monday\",\"Tuesday\",\"Wednesday\",\"Thursday\",\"Friday\",\"Saturday\",\"Sunday\"],\"opens\":\"09:00\",\"closes\":\"17:00\"}]},{\"@type\":\"ImageObject\",\"inLanguage\":\"en-US\",\"@id\":\"https:\\\/\\\/zackmwekassa.org\\\/produit\\\/sweat-a-capuche-homme-femme\\\/#local-main-organization-logo\",\"url\":\"https:\\\/\\\/zackmwekassa.org\\\/wp-content\\\/uploads\\\/2023\\\/06\\\/cropped-zack-mwekassa-icon.png\",\"contentUrl\":\"https:\\\/\\\/zackmwekassa.org\\\/wp-content\\\/uploads\\\/2023\\\/06\\\/cropped-zack-mwekassa-icon.png\",\"width\":1920,\"height\":652,\"caption\":\"Zack Mwekassa\"}]}<\/script>\n<!-- \/ Yoast SEO Premium plugin. -->","yoast_head_json":{"title":"Sweat \u00e0 Capuche Homme &amp; Femme - Zack Mwekassa","robots":{"index":"index","follow":"follow","max-snippet":"max-snippet:-1","max-image-preview":"max-image-preview:large","max-video-preview":"max-video-preview:-1"},"canonical":"https:\/\/zackmwekassa.org\/produit\/sweat-a-capuche-homme-femme\/","og_locale":"en_US","og_type":"article","og_title":"Sweat \u00e0 Capuche Homme &amp; Femme","og_description":"Qui aurait su que le sweat \u00e0 capuche le plus doux qui existe, \u00e9tait aussi livr\u00e9 avec un design incroyable. Vous ne regretterez pas d&#8217;avoir achet\u00e9 ce classique du streetwear avec sa poche pratique et une capuche chaude pour les soir\u00e9es fra\u00eeches. \u2022 100\u00a0% coton \u2022 65\u00a0% coton fil\u00e9 \u00e0 l&#8217;anneau, 35\u00a0% polyester \u2022 Poche &hellip;","og_url":"https:\/\/zackmwekassa.org\/produit\/sweat-a-capuche-homme-femme\/","og_site_name":"Zack Mwekassa","article_modified_time":"2024-10-06T14:19:57+00:00","og_image":[{"width":2000,"height":2000,"url":"https:\/\/zackmwekassa.org\/wp-content\/uploads\/2024\/10\/unisex-premium-hoodie-white-front-67029c623c6a4.jpg","type":"image\/jpeg"}],"twitter_card":"summary_large_image","schema":{"@context":"https:\/\/schema.org","@graph":[{"@type":"WebPage","@id":"https:\/\/zackmwekassa.org\/produit\/sweat-a-capuche-homme-femme\/","url":"https:\/\/zackmwekassa.org\/produit\/sweat-a-capuche-homme-femme\/","name":"Sweat \u00e0 Capuche Homme &amp; Femme - Zack Mwekassa","isPartOf":{"@id":"https:\/\/zackmwekassa.org\/#website"},"primaryImageOfPage":{"@id":"https:\/\/zackmwekassa.org\/produit\/sweat-a-capuche-homme-femme\/#primaryimage"},"image":{"@id":"https:\/\/zackmwekassa.org\/produit\/sweat-a-capuche-homme-femme\/#primaryimage"},"thumbnailUrl":"https:\/\/zackmwekassa.org\/wp-content\/uploads\/2024\/10\/unisex-premium-hoodie-white-front-67029c623c6a4.jpg","datePublished":"2024-10-06T14:19:34+00:00","dateModified":"2024-10-06T14:19:57+00:00","breadcrumb":{"@id":"https:\/\/zackmwekassa.org\/produit\/sweat-a-capuche-homme-femme\/#breadcrumb"},"inLanguage":"en-US","potentialAction":[{"@type":"ReadAction","target":["https:\/\/zackmwekassa.org\/produit\/sweat-a-capuche-homme-femme\/"]}]},{"@type":"ImageObject","inLanguage":"en-US","@id":"https:\/\/zackmwekassa.org\/produit\/sweat-a-capuche-homme-femme\/#primaryimage","url":"https:\/\/zackmwekassa.org\/wp-content\/uploads\/2024\/10\/unisex-premium-hoodie-white-front-67029c623c6a4.jpg","contentUrl":"https:\/\/zackmwekassa.org\/wp-content\/uploads\/2024\/10\/unisex-premium-hoodie-white-front-67029c623c6a4.jpg","width":2000,"height":2000},{"@type":"BreadcrumbList","@id":"https:\/\/zackmwekassa.org\/produit\/sweat-a-capuche-homme-femme\/#breadcrumb","itemListElement":[{"@type":"ListItem","position":1,"name":"Accueil","item":"https:\/\/zackmwekassa.org\/en\/"},{"@type":"ListItem","position":2,"name":"Boutique","item":"https:\/\/zackmwekassa.org\/boutique\/"},{"@type":"ListItem","position":3,"name":"Sweat \u00e0 Capuche Homme &amp; Femme"}]},{"@type":"WebSite","@id":"https:\/\/zackmwekassa.org\/#website","url":"https:\/\/zackmwekassa.org\/","name":"Zack Mwekassa","description":"Le guerrier noir, votre fr\u00e8re !","publisher":{"@id":"https:\/\/zackmwekassa.org\/#organization"},"potentialAction":[{"@type":"SearchAction","target":{"@type":"EntryPoint","urlTemplate":"https:\/\/zackmwekassa.org\/?s={search_term_string}"},"query-input":{"@type":"PropertyValueSpecification","valueRequired":true,"valueName":"search_term_string"}}],"inLanguage":"en-US"},{"@type":["Organization","Place"],"@id":"https:\/\/zackmwekassa.org\/#organization","name":"Zack Mwekassa","url":"https:\/\/zackmwekassa.org\/","logo":{"@id":"https:\/\/zackmwekassa.org\/produit\/sweat-a-capuche-homme-femme\/#local-main-organization-logo"},"image":{"@id":"https:\/\/zackmwekassa.org\/produit\/sweat-a-capuche-homme-femme\/#local-main-organization-logo"},"telephone":[],"openingHoursSpecification":[{"@type":"OpeningHoursSpecification","dayOfWeek":["Monday","Tuesday","Wednesday","Thursday","Friday","Saturday","Sunday"],"opens":"09:00","closes":"17:00"}]},{"@type":"ImageObject","inLanguage":"en-US","@id":"https:\/\/zackmwekassa.org\/produit\/sweat-a-capuche-homme-femme\/#local-main-organization-logo","url":"https:\/\/zackmwekassa.org\/wp-content\/uploads\/2023\/06\/cropped-zack-mwekassa-icon.png","contentUrl":"https:\/\/zackmwekassa.org\/wp-content\/uploads\/2023\/06\/cropped-zack-mwekassa-icon.png","width":1920,"height":652,"caption":"Zack Mwekassa"}]}},"jetpack_sharing_enabled":true,"_links":{"self":[{"href":"https:\/\/zackmwekassa.org\/en\/wp-json\/wp\/v2\/product\/6749","targetHints":{"allow":["GET"]}}],"collection":[{"href":"https:\/\/zackmwekassa.org\/en\/wp-json\/wp\/v2\/product"}],"about":[{"href":"https:\/\/zackmwekassa.org\/en\/wp-json\/wp\/v2\/types\/product"}],"replies":[{"embeddable":true,"href":"https:\/\/zackmwekassa.org\/en\/wp-json\/wp\/v2\/comments?post=6749"}],"wp:featuredmedia":[{"embeddable":true,"href":"https:\/\/zackmwekassa.org\/en\/wp-json\/wp\/v2\/media\/6760"}],"wp:attachment":[{"href":"https:\/\/zackmwekassa.org\/en\/wp-json\/wp\/v2\/media?parent=6749"}],"wp:term":[{"taxonomy":"product_brand","embeddable":true,"href":"https:\/\/zackmwekassa.org\/en\/wp-json\/wp\/v2\/product_brand?post=6749"},{"taxonomy":"product_cat","embeddable":true,"href":"https:\/\/zackmwekassa.org\/en\/wp-json\/wp\/v2\/product_cat?post=6749"},{"taxonomy":"product_tag","embeddable":true,"href":"https:\/\/zackmwekassa.org\/en\/wp-json\/wp\/v2\/product_tag?post=6749"}],"curies":[{"name":"wp","href":"https:\/\/api.w.org\/{rel}","templated":true}]}}