{"id":6342,"date":"2024-02-22T17:17:54","date_gmt":"2024-02-22T17:17:54","guid":{"rendered":"https:\/\/zackmwekassa.org\/produit\/poster-thomas-sankara\/"},"modified":"2024-05-20T10:41:52","modified_gmt":"2024-05-20T10:41:52","slug":"poster-thomas-sankara","status":"publish","type":"product","link":"https:\/\/zackmwekassa.org\/en\/produit\/poster-thomas-sankara\/","title":{"rendered":"Poster THOMAS SANKARA"},"content":{"rendered":"<p>Une affiche de THOMAS SANKARA, un grand Homme, un Alpha de l&#8217;Afrique. Le poster est d&#8217;une qualit\u00e9 sup\u00e9rieur et imprim\u00e9e sur un papier mat \u00e9pais. Ajoutez du patriotisme africain \u00e0 n&#8217;importe quelle pi\u00e8ce de votre maison, chaque affiche est imprim\u00e9e en gicl\u00e9e sur un papier non-acide qui donne des impressions lumineuses pour \u00e9gayer n&#8217;importe quelle pi\u00e8ce.<\/p>\n<p>\u2022 \u00c9paisseur du papier\u00a0: 10,3 mil<br \/>\n\u2022 Poids du papier\u00a0: 192\u00a0g\/m\u00b2 (5,6 oz\/y\u00b2)<br \/>\n\u2022 Opacit\u00e9\u00a0: 94\u00a0%<br \/>\n\u2022 Luminosit\u00e9 ISO : 104 %<br \/>\n\u2022 Le papier provient d&#8217;Afrique<\/p>\n","protected":false},"excerpt":{"rendered":"<p>Une affiche de THOMAS SANKARA, un grand Homme, un Alpha de l&#8217;Afrique. Le poster est d&#8217;une qualit\u00e9 sup\u00e9rieur et imprim\u00e9e sur un papier mat \u00e9pais. Ajoutez du patriotisme africain \u00e0 n&#8217;importe quelle pi\u00e8ce de votre maison, chaque affiche est imprim\u00e9e en gicl\u00e9e sur un papier non-acide qui donne des impressions lumineuses pour \u00e9gayer n&#8217;importe quelle &hellip;<\/p>\n","protected":false},"featured_media":6343,"comment_status":"open","ping_status":"closed","template":"","meta":[],"product_brand":[],"product_cat":[1939],"product_tag":[],"class_list":{"0":"post-6342","1":"product","2":"type-product","3":"status-publish","4":"has-post-thumbnail","6":"product_cat-accessoire-zack","8":"first","9":"instock","10":"shipping-taxable","11":"purchasable","12":"product-type-simple"},"yoast_head":"<!-- This site is optimized with the Yoast SEO Premium plugin v23.7 (Yoast SEO v27.5) - https:\/\/yoast.com\/product\/yoast-seo-premium-wordpress\/ -->\n<title>Poster THOMAS SANKARA - Zack Mwekassa<\/title>\n<meta name=\"robots\" content=\"index, follow, max-snippet:-1, max-image-preview:large, max-video-preview:-1\" \/>\n<link rel=\"canonical\" href=\"https:\/\/zackmwekassa.org\/produit\/poster-thomas-sankara\/\" \/>\n<meta property=\"og:locale\" content=\"en_US\" \/>\n<meta property=\"og:type\" content=\"article\" \/>\n<meta property=\"og:title\" content=\"Poster THOMAS SANKARA\" \/>\n<meta property=\"og:description\" content=\"Une affiche de THOMAS SANKARA, un grand Homme, un Alpha de l&#8217;Afrique. Le poster est d&#8217;une qualit\u00e9 sup\u00e9rieur et imprim\u00e9e sur un papier mat \u00e9pais. Ajoutez du patriotisme africain \u00e0 n&#8217;importe quelle pi\u00e8ce de votre maison, chaque affiche est imprim\u00e9e en gicl\u00e9e sur un papier non-acide qui donne des impressions lumineuses pour \u00e9gayer n&#8217;importe quelle &hellip;\" \/>\n<meta property=\"og:url\" content=\"https:\/\/zackmwekassa.org\/produit\/poster-thomas-sankara\/\" \/>\n<meta property=\"og:site_name\" content=\"Zack Mwekassa\" \/>\n<meta property=\"article:modified_time\" content=\"2024-05-20T10:41:52+00:00\" \/>\n<meta property=\"og:image\" content=\"https:\/\/zackmwekassa.org\/wp-content\/uploads\/2024\/02\/enhanced-matte-paper-poster-in-8x10-transparent-65d781bc17d2f.png\" \/>\n\t<meta property=\"og:image:width\" content=\"1000\" \/>\n\t<meta property=\"og:image:height\" content=\"1000\" \/>\n\t<meta property=\"og:image:type\" content=\"image\/png\" \/>\n<meta name=\"twitter:card\" content=\"summary_large_image\" \/>\n<script type=\"application\/ld+json\" class=\"yoast-schema-graph\">{\"@context\":\"https:\\\/\\\/schema.org\",\"@graph\":[{\"@type\":\"WebPage\",\"@id\":\"https:\\\/\\\/zackmwekassa.org\\\/produit\\\/poster-thomas-sankara\\\/\",\"url\":\"https:\\\/\\\/zackmwekassa.org\\\/produit\\\/poster-thomas-sankara\\\/\",\"name\":\"Poster THOMAS SANKARA - Zack Mwekassa\",\"isPartOf\":{\"@id\":\"https:\\\/\\\/zackmwekassa.org\\\/#website\"},\"primaryImageOfPage\":{\"@id\":\"https:\\\/\\\/zackmwekassa.org\\\/produit\\\/poster-thomas-sankara\\\/#primaryimage\"},\"image\":{\"@id\":\"https:\\\/\\\/zackmwekassa.org\\\/produit\\\/poster-thomas-sankara\\\/#primaryimage\"},\"thumbnailUrl\":\"https:\\\/\\\/zackmwekassa.org\\\/wp-content\\\/uploads\\\/2024\\\/02\\\/enhanced-matte-paper-poster-in-8x10-transparent-65d781bc17d2f.png\",\"datePublished\":\"2024-02-22T17:17:54+00:00\",\"dateModified\":\"2024-05-20T10:41:52+00:00\",\"breadcrumb\":{\"@id\":\"https:\\\/\\\/zackmwekassa.org\\\/produit\\\/poster-thomas-sankara\\\/#breadcrumb\"},\"inLanguage\":\"en-US\",\"potentialAction\":[{\"@type\":\"ReadAction\",\"target\":[\"https:\\\/\\\/zackmwekassa.org\\\/produit\\\/poster-thomas-sankara\\\/\"]}]},{\"@type\":\"ImageObject\",\"inLanguage\":\"en-US\",\"@id\":\"https:\\\/\\\/zackmwekassa.org\\\/produit\\\/poster-thomas-sankara\\\/#primaryimage\",\"url\":\"https:\\\/\\\/zackmwekassa.org\\\/wp-content\\\/uploads\\\/2024\\\/02\\\/enhanced-matte-paper-poster-in-8x10-transparent-65d781bc17d2f.png\",\"contentUrl\":\"https:\\\/\\\/zackmwekassa.org\\\/wp-content\\\/uploads\\\/2024\\\/02\\\/enhanced-matte-paper-poster-in-8x10-transparent-65d781bc17d2f.png\",\"width\":1000,\"height\":1000},{\"@type\":\"BreadcrumbList\",\"@id\":\"https:\\\/\\\/zackmwekassa.org\\\/produit\\\/poster-thomas-sankara\\\/#breadcrumb\",\"itemListElement\":[{\"@type\":\"ListItem\",\"position\":1,\"name\":\"Accueil\",\"item\":\"https:\\\/\\\/zackmwekassa.org\\\/en\\\/\"},{\"@type\":\"ListItem\",\"position\":2,\"name\":\"Boutique\",\"item\":\"https:\\\/\\\/zackmwekassa.org\\\/boutique\\\/\"},{\"@type\":\"ListItem\",\"position\":3,\"name\":\"Poster THOMAS SANKARA\"}]},{\"@type\":\"WebSite\",\"@id\":\"https:\\\/\\\/zackmwekassa.org\\\/#website\",\"url\":\"https:\\\/\\\/zackmwekassa.org\\\/\",\"name\":\"Zack Mwekassa\",\"description\":\"Le guerrier noir, votre fr\u00e8re !\",\"publisher\":{\"@id\":\"https:\\\/\\\/zackmwekassa.org\\\/#organization\"},\"potentialAction\":[{\"@type\":\"SearchAction\",\"target\":{\"@type\":\"EntryPoint\",\"urlTemplate\":\"https:\\\/\\\/zackmwekassa.org\\\/?s={search_term_string}\"},\"query-input\":{\"@type\":\"PropertyValueSpecification\",\"valueRequired\":true,\"valueName\":\"search_term_string\"}}],\"inLanguage\":\"en-US\"},{\"@type\":[\"Organization\",\"Place\"],\"@id\":\"https:\\\/\\\/zackmwekassa.org\\\/#organization\",\"name\":\"Zack Mwekassa\",\"url\":\"https:\\\/\\\/zackmwekassa.org\\\/\",\"logo\":{\"@id\":\"https:\\\/\\\/zackmwekassa.org\\\/produit\\\/poster-thomas-sankara\\\/#local-main-organization-logo\"},\"image\":{\"@id\":\"https:\\\/\\\/zackmwekassa.org\\\/produit\\\/poster-thomas-sankara\\\/#local-main-organization-logo\"},\"telephone\":[],\"openingHoursSpecification\":[{\"@type\":\"OpeningHoursSpecification\",\"dayOfWeek\":[\"Monday\",\"Tuesday\",\"Wednesday\",\"Thursday\",\"Friday\",\"Saturday\",\"Sunday\"],\"opens\":\"09:00\",\"closes\":\"17:00\"}]},{\"@type\":\"ImageObject\",\"inLanguage\":\"en-US\",\"@id\":\"https:\\\/\\\/zackmwekassa.org\\\/produit\\\/poster-thomas-sankara\\\/#local-main-organization-logo\",\"url\":\"https:\\\/\\\/zackmwekassa.org\\\/wp-content\\\/uploads\\\/2023\\\/06\\\/cropped-zack-mwekassa-icon.png\",\"contentUrl\":\"https:\\\/\\\/zackmwekassa.org\\\/wp-content\\\/uploads\\\/2023\\\/06\\\/cropped-zack-mwekassa-icon.png\",\"width\":1920,\"height\":652,\"caption\":\"Zack Mwekassa\"}]}<\/script>\n<!-- \/ Yoast SEO Premium plugin. -->","yoast_head_json":{"title":"Poster THOMAS SANKARA - Zack Mwekassa","robots":{"index":"index","follow":"follow","max-snippet":"max-snippet:-1","max-image-preview":"max-image-preview:large","max-video-preview":"max-video-preview:-1"},"canonical":"https:\/\/zackmwekassa.org\/produit\/poster-thomas-sankara\/","og_locale":"en_US","og_type":"article","og_title":"Poster THOMAS SANKARA","og_description":"Une affiche de THOMAS SANKARA, un grand Homme, un Alpha de l&#8217;Afrique. Le poster est d&#8217;une qualit\u00e9 sup\u00e9rieur et imprim\u00e9e sur un papier mat \u00e9pais. Ajoutez du patriotisme africain \u00e0 n&#8217;importe quelle pi\u00e8ce de votre maison, chaque affiche est imprim\u00e9e en gicl\u00e9e sur un papier non-acide qui donne des impressions lumineuses pour \u00e9gayer n&#8217;importe quelle &hellip;","og_url":"https:\/\/zackmwekassa.org\/produit\/poster-thomas-sankara\/","og_site_name":"Zack Mwekassa","article_modified_time":"2024-05-20T10:41:52+00:00","og_image":[{"width":1000,"height":1000,"url":"https:\/\/zackmwekassa.org\/wp-content\/uploads\/2024\/02\/enhanced-matte-paper-poster-in-8x10-transparent-65d781bc17d2f.png","type":"image\/png"}],"twitter_card":"summary_large_image","schema":{"@context":"https:\/\/schema.org","@graph":[{"@type":"WebPage","@id":"https:\/\/zackmwekassa.org\/produit\/poster-thomas-sankara\/","url":"https:\/\/zackmwekassa.org\/produit\/poster-thomas-sankara\/","name":"Poster THOMAS SANKARA - Zack Mwekassa","isPartOf":{"@id":"https:\/\/zackmwekassa.org\/#website"},"primaryImageOfPage":{"@id":"https:\/\/zackmwekassa.org\/produit\/poster-thomas-sankara\/#primaryimage"},"image":{"@id":"https:\/\/zackmwekassa.org\/produit\/poster-thomas-sankara\/#primaryimage"},"thumbnailUrl":"https:\/\/zackmwekassa.org\/wp-content\/uploads\/2024\/02\/enhanced-matte-paper-poster-in-8x10-transparent-65d781bc17d2f.png","datePublished":"2024-02-22T17:17:54+00:00","dateModified":"2024-05-20T10:41:52+00:00","breadcrumb":{"@id":"https:\/\/zackmwekassa.org\/produit\/poster-thomas-sankara\/#breadcrumb"},"inLanguage":"en-US","potentialAction":[{"@type":"ReadAction","target":["https:\/\/zackmwekassa.org\/produit\/poster-thomas-sankara\/"]}]},{"@type":"ImageObject","inLanguage":"en-US","@id":"https:\/\/zackmwekassa.org\/produit\/poster-thomas-sankara\/#primaryimage","url":"https:\/\/zackmwekassa.org\/wp-content\/uploads\/2024\/02\/enhanced-matte-paper-poster-in-8x10-transparent-65d781bc17d2f.png","contentUrl":"https:\/\/zackmwekassa.org\/wp-content\/uploads\/2024\/02\/enhanced-matte-paper-poster-in-8x10-transparent-65d781bc17d2f.png","width":1000,"height":1000},{"@type":"BreadcrumbList","@id":"https:\/\/zackmwekassa.org\/produit\/poster-thomas-sankara\/#breadcrumb","itemListElement":[{"@type":"ListItem","position":1,"name":"Accueil","item":"https:\/\/zackmwekassa.org\/en\/"},{"@type":"ListItem","position":2,"name":"Boutique","item":"https:\/\/zackmwekassa.org\/boutique\/"},{"@type":"ListItem","position":3,"name":"Poster THOMAS SANKARA"}]},{"@type":"WebSite","@id":"https:\/\/zackmwekassa.org\/#website","url":"https:\/\/zackmwekassa.org\/","name":"Zack Mwekassa","description":"Le guerrier noir, votre fr\u00e8re !","publisher":{"@id":"https:\/\/zackmwekassa.org\/#organization"},"potentialAction":[{"@type":"SearchAction","target":{"@type":"EntryPoint","urlTemplate":"https:\/\/zackmwekassa.org\/?s={search_term_string}"},"query-input":{"@type":"PropertyValueSpecification","valueRequired":true,"valueName":"search_term_string"}}],"inLanguage":"en-US"},{"@type":["Organization","Place"],"@id":"https:\/\/zackmwekassa.org\/#organization","name":"Zack Mwekassa","url":"https:\/\/zackmwekassa.org\/","logo":{"@id":"https:\/\/zackmwekassa.org\/produit\/poster-thomas-sankara\/#local-main-organization-logo"},"image":{"@id":"https:\/\/zackmwekassa.org\/produit\/poster-thomas-sankara\/#local-main-organization-logo"},"telephone":[],"openingHoursSpecification":[{"@type":"OpeningHoursSpecification","dayOfWeek":["Monday","Tuesday","Wednesday","Thursday","Friday","Saturday","Sunday"],"opens":"09:00","closes":"17:00"}]},{"@type":"ImageObject","inLanguage":"en-US","@id":"https:\/\/zackmwekassa.org\/produit\/poster-thomas-sankara\/#local-main-organization-logo","url":"https:\/\/zackmwekassa.org\/wp-content\/uploads\/2023\/06\/cropped-zack-mwekassa-icon.png","contentUrl":"https:\/\/zackmwekassa.org\/wp-content\/uploads\/2023\/06\/cropped-zack-mwekassa-icon.png","width":1920,"height":652,"caption":"Zack Mwekassa"}]}},"jetpack_sharing_enabled":true,"_links":{"self":[{"href":"https:\/\/zackmwekassa.org\/en\/wp-json\/wp\/v2\/product\/6342","targetHints":{"allow":["GET"]}}],"collection":[{"href":"https:\/\/zackmwekassa.org\/en\/wp-json\/wp\/v2\/product"}],"about":[{"href":"https:\/\/zackmwekassa.org\/en\/wp-json\/wp\/v2\/types\/product"}],"replies":[{"embeddable":true,"href":"https:\/\/zackmwekassa.org\/en\/wp-json\/wp\/v2\/comments?post=6342"}],"wp:featuredmedia":[{"embeddable":true,"href":"https:\/\/zackmwekassa.org\/en\/wp-json\/wp\/v2\/media\/6343"}],"wp:attachment":[{"href":"https:\/\/zackmwekassa.org\/en\/wp-json\/wp\/v2\/media?parent=6342"}],"wp:term":[{"taxonomy":"product_brand","embeddable":true,"href":"https:\/\/zackmwekassa.org\/en\/wp-json\/wp\/v2\/product_brand?post=6342"},{"taxonomy":"product_cat","embeddable":true,"href":"https:\/\/zackmwekassa.org\/en\/wp-json\/wp\/v2\/product_cat?post=6342"},{"taxonomy":"product_tag","embeddable":true,"href":"https:\/\/zackmwekassa.org\/en\/wp-json\/wp\/v2\/product_tag?post=6342"}],"curies":[{"name":"wp","href":"https:\/\/api.w.org\/{rel}","templated":true}]}}