{"id":6315,"date":"2024-02-22T16:43:29","date_gmt":"2024-02-22T16:43:29","guid":{"rendered":"https:\/\/zackmwekassa.org\/produit\/t-shirt-mwekassance\/"},"modified":"2024-11-08T06:10:44","modified_gmt":"2024-11-08T06:10:44","slug":"t-shirt-mwekassance","status":"publish","type":"product","link":"https:\/\/zackmwekassa.org\/en\/produit\/t-shirt-mwekassance\/","title":{"rendered":"T-shirt MWEKASSANCE Blanc"},"content":{"rendered":"<p>Le T-shirt puissant MWEKAASSANCE en coton pour homme et femme vous aidera \u00e0 garantir un look plus \u00e9l\u00e9gant, plus emphatique et charismatique. Sa coupe parfaite donne de belles lignes et c&#8217;est un atout de taille pour les superpositions. En plus, c&#8217;est super tendance en ce moment !<\/p>\n<p>\u2022 100 % coton<br \/>\n\u2022 Sport Grey 90 % coton, 10 % polyester<br \/>\n\u2022 Ash Grey 99 % coton, 1 % polyester<br \/>\n\u2022 Coloris Heather 50 % coton, 50 % polyester<br \/>\n\u2022 Poids du tissu : 5 &#8211; 5,3 oz\/yd\u00b2 (170 &#8211; 180 g\/m\u00b2)<br \/>\n\u2022 Fil open end<br \/>\n\u2022 Textile tubulaire<br \/>\n\u2022 Bande de propret\u00e9 de cou et d&#8217;\u00e9paules<br \/>\n\u2022 Double couture aux manches et \u00e0 l&#8217;ourlet inf\u00e9rieur<\/p>\n","protected":false},"excerpt":{"rendered":"<p>&nbsp;<\/p>\n<p>&nbsp;<\/p>\n","protected":false},"featured_media":6348,"comment_status":"open","ping_status":"closed","template":"","meta":[],"product_brand":[],"product_cat":[1939],"product_tag":[],"class_list":{"0":"post-6315","1":"product","2":"type-product","3":"status-publish","4":"has-post-thumbnail","6":"product_cat-accessoire-zack","8":"first","9":"instock","10":"shipping-taxable","11":"purchasable","12":"product-type-variable"},"yoast_head":"<!-- This site is optimized with the Yoast SEO Premium plugin v23.7 (Yoast SEO v27.5) - https:\/\/yoast.com\/product\/yoast-seo-premium-wordpress\/ -->\n<title>T-shirt MWEKASSANCE Blanc - Zack Mwekassa<\/title>\n<meta name=\"description\" content=\"Le T-shirt MWEKASSANCE en 100 coton pour homme et femme vous aidera \u00e0 garantir un look plus structur\u00e9. Sa coupe parfaite donne de belles lignes et c&#039;est un atout de taille pour les superpositions. En plus, c&#039;est super tendance en ce moment !\" \/>\n<meta name=\"robots\" content=\"index, follow, max-snippet:-1, max-image-preview:large, max-video-preview:-1\" \/>\n<link rel=\"canonical\" href=\"https:\/\/zackmwekassa.org\/produit\/t-shirt-mwekassance\/\" \/>\n<meta property=\"og:locale\" content=\"en_US\" \/>\n<meta property=\"og:type\" content=\"article\" \/>\n<meta property=\"og:title\" content=\"T-shirt MWEKASSANCE Blanc\" \/>\n<meta property=\"og:description\" content=\"Le T-shirt MWEKASSANCE en 100 coton pour homme et femme vous aidera \u00e0 garantir un look plus structur\u00e9. Sa coupe parfaite donne de belles lignes et c&#039;est un atout de taille pour les superpositions. En plus, c&#039;est super tendance en ce moment !\" \/>\n<meta property=\"og:url\" content=\"https:\/\/zackmwekassa.org\/produit\/t-shirt-mwekassance\/\" \/>\n<meta property=\"og:site_name\" content=\"Zack Mwekassa\" \/>\n<meta property=\"article:modified_time\" content=\"2024-11-08T06:10:44+00:00\" \/>\n<meta property=\"og:image\" content=\"https:\/\/zackmwekassa.org\/wp-content\/uploads\/2024\/02\/mens-classic-tee-white-front-65d779a3833c6d.png\" \/>\n\t<meta property=\"og:image:width\" content=\"2000\" \/>\n\t<meta property=\"og:image:height\" content=\"2000\" \/>\n\t<meta property=\"og:image:type\" content=\"image\/png\" \/>\n<meta name=\"twitter:card\" content=\"summary_large_image\" \/>\n<meta name=\"twitter:description\" content=\"Le T-shirt MWEKASSANCE en 100 coton pour homme et femme vous aidera \u00e0 garantir un look plus structur\u00e9. Sa coupe parfaite donne de belles lignes et c&#039;est un atout de taille pour les superpositions. En plus, c&#039;est super tendance en ce moment !\" \/>\n<meta name=\"twitter:label1\" content=\"Est. reading time\" \/>\n\t<meta name=\"twitter:data1\" content=\"1 minute\" \/>\n<script type=\"application\/ld+json\" class=\"yoast-schema-graph\">{\"@context\":\"https:\\\/\\\/schema.org\",\"@graph\":[{\"@type\":\"WebPage\",\"@id\":\"https:\\\/\\\/zackmwekassa.org\\\/produit\\\/t-shirt-mwekassance\\\/\",\"url\":\"https:\\\/\\\/zackmwekassa.org\\\/produit\\\/t-shirt-mwekassance\\\/\",\"name\":\"T-shirt MWEKASSANCE Blanc - Zack Mwekassa\",\"isPartOf\":{\"@id\":\"https:\\\/\\\/zackmwekassa.org\\\/#website\"},\"primaryImageOfPage\":{\"@id\":\"https:\\\/\\\/zackmwekassa.org\\\/produit\\\/t-shirt-mwekassance\\\/#primaryimage\"},\"image\":{\"@id\":\"https:\\\/\\\/zackmwekassa.org\\\/produit\\\/t-shirt-mwekassance\\\/#primaryimage\"},\"thumbnailUrl\":\"https:\\\/\\\/zackmwekassa.org\\\/wp-content\\\/uploads\\\/2024\\\/02\\\/mens-classic-tee-white-front-65d779a3833c6d.png\",\"datePublished\":\"2024-02-22T16:43:29+00:00\",\"dateModified\":\"2024-11-08T06:10:44+00:00\",\"description\":\"Le T-shirt MWEKASSANCE en 100 coton pour homme et femme vous aidera \u00e0 garantir un look plus structur\u00e9. Sa coupe parfaite donne de belles lignes et c'est un atout de taille pour les superpositions. En plus, c'est super tendance en ce moment !\",\"breadcrumb\":{\"@id\":\"https:\\\/\\\/zackmwekassa.org\\\/produit\\\/t-shirt-mwekassance\\\/#breadcrumb\"},\"inLanguage\":\"en-US\",\"potentialAction\":[{\"@type\":\"ReadAction\",\"target\":[\"https:\\\/\\\/zackmwekassa.org\\\/produit\\\/t-shirt-mwekassance\\\/\"]}]},{\"@type\":\"ImageObject\",\"inLanguage\":\"en-US\",\"@id\":\"https:\\\/\\\/zackmwekassa.org\\\/produit\\\/t-shirt-mwekassance\\\/#primaryimage\",\"url\":\"https:\\\/\\\/zackmwekassa.org\\\/wp-content\\\/uploads\\\/2024\\\/02\\\/mens-classic-tee-white-front-65d779a3833c6d.png\",\"contentUrl\":\"https:\\\/\\\/zackmwekassa.org\\\/wp-content\\\/uploads\\\/2024\\\/02\\\/mens-classic-tee-white-front-65d779a3833c6d.png\",\"width\":2000,\"height\":2000},{\"@type\":\"BreadcrumbList\",\"@id\":\"https:\\\/\\\/zackmwekassa.org\\\/produit\\\/t-shirt-mwekassance\\\/#breadcrumb\",\"itemListElement\":[{\"@type\":\"ListItem\",\"position\":1,\"name\":\"Accueil\",\"item\":\"https:\\\/\\\/zackmwekassa.org\\\/en\\\/\"},{\"@type\":\"ListItem\",\"position\":2,\"name\":\"Boutique\",\"item\":\"https:\\\/\\\/zackmwekassa.org\\\/boutique\\\/\"},{\"@type\":\"ListItem\",\"position\":3,\"name\":\"T-shirt MWEKASSANCE Blanc\"}]},{\"@type\":\"WebSite\",\"@id\":\"https:\\\/\\\/zackmwekassa.org\\\/#website\",\"url\":\"https:\\\/\\\/zackmwekassa.org\\\/\",\"name\":\"Zack Mwekassa\",\"description\":\"Le guerrier noir, votre fr\u00e8re !\",\"publisher\":{\"@id\":\"https:\\\/\\\/zackmwekassa.org\\\/#organization\"},\"potentialAction\":[{\"@type\":\"SearchAction\",\"target\":{\"@type\":\"EntryPoint\",\"urlTemplate\":\"https:\\\/\\\/zackmwekassa.org\\\/?s={search_term_string}\"},\"query-input\":{\"@type\":\"PropertyValueSpecification\",\"valueRequired\":true,\"valueName\":\"search_term_string\"}}],\"inLanguage\":\"en-US\"},{\"@type\":[\"Organization\",\"Place\"],\"@id\":\"https:\\\/\\\/zackmwekassa.org\\\/#organization\",\"name\":\"Zack Mwekassa\",\"url\":\"https:\\\/\\\/zackmwekassa.org\\\/\",\"logo\":{\"@id\":\"https:\\\/\\\/zackmwekassa.org\\\/produit\\\/t-shirt-mwekassance\\\/#local-main-organization-logo\"},\"image\":{\"@id\":\"https:\\\/\\\/zackmwekassa.org\\\/produit\\\/t-shirt-mwekassance\\\/#local-main-organization-logo\"},\"telephone\":[],\"openingHoursSpecification\":[{\"@type\":\"OpeningHoursSpecification\",\"dayOfWeek\":[\"Monday\",\"Tuesday\",\"Wednesday\",\"Thursday\",\"Friday\",\"Saturday\",\"Sunday\"],\"opens\":\"09:00\",\"closes\":\"17:00\"}]},{\"@type\":\"ImageObject\",\"inLanguage\":\"en-US\",\"@id\":\"https:\\\/\\\/zackmwekassa.org\\\/produit\\\/t-shirt-mwekassance\\\/#local-main-organization-logo\",\"url\":\"https:\\\/\\\/zackmwekassa.org\\\/wp-content\\\/uploads\\\/2023\\\/06\\\/cropped-zack-mwekassa-icon.png\",\"contentUrl\":\"https:\\\/\\\/zackmwekassa.org\\\/wp-content\\\/uploads\\\/2023\\\/06\\\/cropped-zack-mwekassa-icon.png\",\"width\":1920,\"height\":652,\"caption\":\"Zack Mwekassa\"}]}<\/script>\n<!-- \/ Yoast SEO Premium plugin. -->","yoast_head_json":{"title":"T-shirt MWEKASSANCE Blanc - Zack Mwekassa","description":"Le T-shirt MWEKASSANCE en 100 coton pour homme et femme vous aidera \u00e0 garantir un look plus structur\u00e9. Sa coupe parfaite donne de belles lignes et c'est un atout de taille pour les superpositions. En plus, c'est super tendance en ce moment !","robots":{"index":"index","follow":"follow","max-snippet":"max-snippet:-1","max-image-preview":"max-image-preview:large","max-video-preview":"max-video-preview:-1"},"canonical":"https:\/\/zackmwekassa.org\/produit\/t-shirt-mwekassance\/","og_locale":"en_US","og_type":"article","og_title":"T-shirt MWEKASSANCE Blanc","og_description":"Le T-shirt MWEKASSANCE en 100 coton pour homme et femme vous aidera \u00e0 garantir un look plus structur\u00e9. Sa coupe parfaite donne de belles lignes et c'est un atout de taille pour les superpositions. En plus, c'est super tendance en ce moment !","og_url":"https:\/\/zackmwekassa.org\/produit\/t-shirt-mwekassance\/","og_site_name":"Zack Mwekassa","article_modified_time":"2024-11-08T06:10:44+00:00","og_image":[{"width":2000,"height":2000,"url":"https:\/\/zackmwekassa.org\/wp-content\/uploads\/2024\/02\/mens-classic-tee-white-front-65d779a3833c6d.png","type":"image\/png"}],"twitter_card":"summary_large_image","twitter_description":"Le T-shirt MWEKASSANCE en 100 coton pour homme et femme vous aidera \u00e0 garantir un look plus structur\u00e9. Sa coupe parfaite donne de belles lignes et c'est un atout de taille pour les superpositions. En plus, c'est super tendance en ce moment !","twitter_misc":{"Est. reading time":"1 minute"},"schema":{"@context":"https:\/\/schema.org","@graph":[{"@type":"WebPage","@id":"https:\/\/zackmwekassa.org\/produit\/t-shirt-mwekassance\/","url":"https:\/\/zackmwekassa.org\/produit\/t-shirt-mwekassance\/","name":"T-shirt MWEKASSANCE Blanc - Zack Mwekassa","isPartOf":{"@id":"https:\/\/zackmwekassa.org\/#website"},"primaryImageOfPage":{"@id":"https:\/\/zackmwekassa.org\/produit\/t-shirt-mwekassance\/#primaryimage"},"image":{"@id":"https:\/\/zackmwekassa.org\/produit\/t-shirt-mwekassance\/#primaryimage"},"thumbnailUrl":"https:\/\/zackmwekassa.org\/wp-content\/uploads\/2024\/02\/mens-classic-tee-white-front-65d779a3833c6d.png","datePublished":"2024-02-22T16:43:29+00:00","dateModified":"2024-11-08T06:10:44+00:00","description":"Le T-shirt MWEKASSANCE en 100 coton pour homme et femme vous aidera \u00e0 garantir un look plus structur\u00e9. Sa coupe parfaite donne de belles lignes et c'est un atout de taille pour les superpositions. En plus, c'est super tendance en ce moment !","breadcrumb":{"@id":"https:\/\/zackmwekassa.org\/produit\/t-shirt-mwekassance\/#breadcrumb"},"inLanguage":"en-US","potentialAction":[{"@type":"ReadAction","target":["https:\/\/zackmwekassa.org\/produit\/t-shirt-mwekassance\/"]}]},{"@type":"ImageObject","inLanguage":"en-US","@id":"https:\/\/zackmwekassa.org\/produit\/t-shirt-mwekassance\/#primaryimage","url":"https:\/\/zackmwekassa.org\/wp-content\/uploads\/2024\/02\/mens-classic-tee-white-front-65d779a3833c6d.png","contentUrl":"https:\/\/zackmwekassa.org\/wp-content\/uploads\/2024\/02\/mens-classic-tee-white-front-65d779a3833c6d.png","width":2000,"height":2000},{"@type":"BreadcrumbList","@id":"https:\/\/zackmwekassa.org\/produit\/t-shirt-mwekassance\/#breadcrumb","itemListElement":[{"@type":"ListItem","position":1,"name":"Accueil","item":"https:\/\/zackmwekassa.org\/en\/"},{"@type":"ListItem","position":2,"name":"Boutique","item":"https:\/\/zackmwekassa.org\/boutique\/"},{"@type":"ListItem","position":3,"name":"T-shirt MWEKASSANCE Blanc"}]},{"@type":"WebSite","@id":"https:\/\/zackmwekassa.org\/#website","url":"https:\/\/zackmwekassa.org\/","name":"Zack Mwekassa","description":"Le guerrier noir, votre fr\u00e8re !","publisher":{"@id":"https:\/\/zackmwekassa.org\/#organization"},"potentialAction":[{"@type":"SearchAction","target":{"@type":"EntryPoint","urlTemplate":"https:\/\/zackmwekassa.org\/?s={search_term_string}"},"query-input":{"@type":"PropertyValueSpecification","valueRequired":true,"valueName":"search_term_string"}}],"inLanguage":"en-US"},{"@type":["Organization","Place"],"@id":"https:\/\/zackmwekassa.org\/#organization","name":"Zack Mwekassa","url":"https:\/\/zackmwekassa.org\/","logo":{"@id":"https:\/\/zackmwekassa.org\/produit\/t-shirt-mwekassance\/#local-main-organization-logo"},"image":{"@id":"https:\/\/zackmwekassa.org\/produit\/t-shirt-mwekassance\/#local-main-organization-logo"},"telephone":[],"openingHoursSpecification":[{"@type":"OpeningHoursSpecification","dayOfWeek":["Monday","Tuesday","Wednesday","Thursday","Friday","Saturday","Sunday"],"opens":"09:00","closes":"17:00"}]},{"@type":"ImageObject","inLanguage":"en-US","@id":"https:\/\/zackmwekassa.org\/produit\/t-shirt-mwekassance\/#local-main-organization-logo","url":"https:\/\/zackmwekassa.org\/wp-content\/uploads\/2023\/06\/cropped-zack-mwekassa-icon.png","contentUrl":"https:\/\/zackmwekassa.org\/wp-content\/uploads\/2023\/06\/cropped-zack-mwekassa-icon.png","width":1920,"height":652,"caption":"Zack Mwekassa"}]}},"jetpack_sharing_enabled":true,"_links":{"self":[{"href":"https:\/\/zackmwekassa.org\/en\/wp-json\/wp\/v2\/product\/6315","targetHints":{"allow":["GET"]}}],"collection":[{"href":"https:\/\/zackmwekassa.org\/en\/wp-json\/wp\/v2\/product"}],"about":[{"href":"https:\/\/zackmwekassa.org\/en\/wp-json\/wp\/v2\/types\/product"}],"replies":[{"embeddable":true,"href":"https:\/\/zackmwekassa.org\/en\/wp-json\/wp\/v2\/comments?post=6315"}],"wp:featuredmedia":[{"embeddable":true,"href":"https:\/\/zackmwekassa.org\/en\/wp-json\/wp\/v2\/media\/6348"}],"wp:attachment":[{"href":"https:\/\/zackmwekassa.org\/en\/wp-json\/wp\/v2\/media?parent=6315"}],"wp:term":[{"taxonomy":"product_brand","embeddable":true,"href":"https:\/\/zackmwekassa.org\/en\/wp-json\/wp\/v2\/product_brand?post=6315"},{"taxonomy":"product_cat","embeddable":true,"href":"https:\/\/zackmwekassa.org\/en\/wp-json\/wp\/v2\/product_cat?post=6315"},{"taxonomy":"product_tag","embeddable":true,"href":"https:\/\/zackmwekassa.org\/en\/wp-json\/wp\/v2\/product_tag?post=6315"}],"curies":[{"name":"wp","href":"https:\/\/api.w.org\/{rel}","templated":true}]}}