{"id":6308,"date":"2024-02-22T16:28:02","date_gmt":"2024-02-22T16:28:02","guid":{"rendered":"https:\/\/zackmwekassa.org\/produit\/casquette-mwekassance-noire\/"},"modified":"2024-04-25T04:03:12","modified_gmt":"2024-04-25T04:03:12","slug":"casquette-mwekassance-noire","status":"publish","type":"product","link":"https:\/\/zackmwekassa.org\/en\/produit\/casquette-mwekassance-noire\/","title":{"rendered":"Casquette MWEKASSANCE Noire"},"content":{"rendered":"<p>Une casquette puissante qui ne se d\u00e9mode jamais. Par son excellente qualit\u00e9 et sa mati\u00e8re en coton 100\u00a0% biologique, cette casquette est un choix durable. Vous pourrez ainsi en profiter pendant des ann\u00e9es. Accessoirisez vos tenues \u00e9l\u00e9gantes avec ce couvre-chef \u00e9cologique\u00a0!<\/p>\n<p>\u2022 100\u00a0% coton biologique<br \/>\n\u2022 Poids du tissu\u00a0: 271 g\/m\u00b2 (8 oz\/yd\u00b2)<br \/>\n\u2022 Serg\u00e9 3\/1 <br \/>\n\u2022 Non structur\u00e9e<br \/>\n\u2022 6 panneaux<br \/>\n\u2022 \u0152illets cousus assortis <br \/>\n\u2022 Fermeture ajustable en tissu assorti avec glissi\u00e8re en laiton et insertion cach\u00e9e<\/p>\n","protected":false},"excerpt":{"rendered":"<p>Une casquette puissante qui ne se d\u00e9mode jamais. Par son excellente qualit\u00e9 et sa mati\u00e8re en coton 100\u00a0% biologique, cette casquette est un choix durable. Vous pourrez ainsi en profiter pendant des ann\u00e9es. Accessoirisez vos tenues \u00e9l\u00e9gantes avec ce couvre-chef \u00e9cologique\u00a0! \u2022 100\u00a0% coton biologique \u2022 Poids du tissu\u00a0: 271 g\/m\u00b2 (8 oz\/yd\u00b2) \u2022 Serg\u00e9 &hellip;<\/p>\n","protected":false},"featured_media":6311,"comment_status":"open","ping_status":"closed","template":"","meta":[],"product_brand":[],"product_cat":[1939],"product_tag":[],"class_list":{"0":"post-6308","1":"product","2":"type-product","3":"status-publish","4":"has-post-thumbnail","6":"product_cat-accessoire-zack","8":"first","9":"instock","10":"shipping-taxable","11":"purchasable","12":"product-type-simple"},"yoast_head":"<!-- This site is optimized with the Yoast SEO Premium plugin v23.7 (Yoast SEO v27.5) - https:\/\/yoast.com\/product\/yoast-seo-premium-wordpress\/ -->\n<title>Casquette MWEKASSANCE Noire - Zack Mwekassa<\/title>\n<meta name=\"robots\" content=\"index, follow, max-snippet:-1, max-image-preview:large, max-video-preview:-1\" \/>\n<link rel=\"canonical\" href=\"https:\/\/zackmwekassa.org\/produit\/casquette-mwekassance-noire\/\" \/>\n<meta property=\"og:locale\" content=\"en_US\" \/>\n<meta property=\"og:type\" content=\"article\" \/>\n<meta property=\"og:title\" content=\"Casquette MWEKASSANCE Noire\" \/>\n<meta property=\"og:description\" content=\"Une casquette puissante qui ne se d\u00e9mode jamais. Par son excellente qualit\u00e9 et sa mati\u00e8re en coton 100\u00a0% biologique, cette casquette est un choix durable. Vous pourrez ainsi en profiter pendant des ann\u00e9es. Accessoirisez vos tenues \u00e9l\u00e9gantes avec ce couvre-chef \u00e9cologique\u00a0! \u2022 100\u00a0% coton biologique \u2022 Poids du tissu\u00a0: 271 g\/m\u00b2 (8 oz\/yd\u00b2) \u2022 Serg\u00e9 &hellip;\" \/>\n<meta property=\"og:url\" content=\"https:\/\/zackmwekassa.org\/produit\/casquette-mwekassance-noire\/\" \/>\n<meta property=\"og:site_name\" content=\"Zack Mwekassa\" \/>\n<meta property=\"article:modified_time\" content=\"2024-04-25T04:03:12+00:00\" \/>\n<meta property=\"og:image\" content=\"https:\/\/zackmwekassa.org\/wp-content\/uploads\/2024\/02\/organic-baseball-cap-black-front-65d77606ce9ce.png\" \/>\n\t<meta property=\"og:image:width\" content=\"2000\" \/>\n\t<meta property=\"og:image:height\" content=\"2000\" \/>\n\t<meta property=\"og:image:type\" content=\"image\/png\" \/>\n<meta name=\"twitter:card\" content=\"summary_large_image\" \/>\n<script type=\"application\/ld+json\" class=\"yoast-schema-graph\">{\"@context\":\"https:\\\/\\\/schema.org\",\"@graph\":[{\"@type\":\"WebPage\",\"@id\":\"https:\\\/\\\/zackmwekassa.org\\\/produit\\\/casquette-mwekassance-noire\\\/\",\"url\":\"https:\\\/\\\/zackmwekassa.org\\\/produit\\\/casquette-mwekassance-noire\\\/\",\"name\":\"Casquette MWEKASSANCE Noire - Zack Mwekassa\",\"isPartOf\":{\"@id\":\"https:\\\/\\\/zackmwekassa.org\\\/#website\"},\"primaryImageOfPage\":{\"@id\":\"https:\\\/\\\/zackmwekassa.org\\\/produit\\\/casquette-mwekassance-noire\\\/#primaryimage\"},\"image\":{\"@id\":\"https:\\\/\\\/zackmwekassa.org\\\/produit\\\/casquette-mwekassance-noire\\\/#primaryimage\"},\"thumbnailUrl\":\"https:\\\/\\\/zackmwekassa.org\\\/wp-content\\\/uploads\\\/2024\\\/02\\\/organic-baseball-cap-black-front-65d77606ce9ce.png\",\"datePublished\":\"2024-02-22T16:28:02+00:00\",\"dateModified\":\"2024-04-25T04:03:12+00:00\",\"breadcrumb\":{\"@id\":\"https:\\\/\\\/zackmwekassa.org\\\/produit\\\/casquette-mwekassance-noire\\\/#breadcrumb\"},\"inLanguage\":\"en-US\",\"potentialAction\":[{\"@type\":\"ReadAction\",\"target\":[\"https:\\\/\\\/zackmwekassa.org\\\/produit\\\/casquette-mwekassance-noire\\\/\"]}]},{\"@type\":\"ImageObject\",\"inLanguage\":\"en-US\",\"@id\":\"https:\\\/\\\/zackmwekassa.org\\\/produit\\\/casquette-mwekassance-noire\\\/#primaryimage\",\"url\":\"https:\\\/\\\/zackmwekassa.org\\\/wp-content\\\/uploads\\\/2024\\\/02\\\/organic-baseball-cap-black-front-65d77606ce9ce.png\",\"contentUrl\":\"https:\\\/\\\/zackmwekassa.org\\\/wp-content\\\/uploads\\\/2024\\\/02\\\/organic-baseball-cap-black-front-65d77606ce9ce.png\",\"width\":2000,\"height\":2000},{\"@type\":\"BreadcrumbList\",\"@id\":\"https:\\\/\\\/zackmwekassa.org\\\/produit\\\/casquette-mwekassance-noire\\\/#breadcrumb\",\"itemListElement\":[{\"@type\":\"ListItem\",\"position\":1,\"name\":\"Accueil\",\"item\":\"https:\\\/\\\/zackmwekassa.org\\\/en\\\/\"},{\"@type\":\"ListItem\",\"position\":2,\"name\":\"Boutique\",\"item\":\"https:\\\/\\\/zackmwekassa.org\\\/boutique\\\/\"},{\"@type\":\"ListItem\",\"position\":3,\"name\":\"Casquette MWEKASSANCE Noire\"}]},{\"@type\":\"WebSite\",\"@id\":\"https:\\\/\\\/zackmwekassa.org\\\/#website\",\"url\":\"https:\\\/\\\/zackmwekassa.org\\\/\",\"name\":\"Zack Mwekassa\",\"description\":\"Le guerrier noir, votre fr\u00e8re !\",\"publisher\":{\"@id\":\"https:\\\/\\\/zackmwekassa.org\\\/#organization\"},\"potentialAction\":[{\"@type\":\"SearchAction\",\"target\":{\"@type\":\"EntryPoint\",\"urlTemplate\":\"https:\\\/\\\/zackmwekassa.org\\\/?s={search_term_string}\"},\"query-input\":{\"@type\":\"PropertyValueSpecification\",\"valueRequired\":true,\"valueName\":\"search_term_string\"}}],\"inLanguage\":\"en-US\"},{\"@type\":[\"Organization\",\"Place\"],\"@id\":\"https:\\\/\\\/zackmwekassa.org\\\/#organization\",\"name\":\"Zack Mwekassa\",\"url\":\"https:\\\/\\\/zackmwekassa.org\\\/\",\"logo\":{\"@id\":\"https:\\\/\\\/zackmwekassa.org\\\/produit\\\/casquette-mwekassance-noire\\\/#local-main-organization-logo\"},\"image\":{\"@id\":\"https:\\\/\\\/zackmwekassa.org\\\/produit\\\/casquette-mwekassance-noire\\\/#local-main-organization-logo\"},\"telephone\":[],\"openingHoursSpecification\":[{\"@type\":\"OpeningHoursSpecification\",\"dayOfWeek\":[\"Monday\",\"Tuesday\",\"Wednesday\",\"Thursday\",\"Friday\",\"Saturday\",\"Sunday\"],\"opens\":\"09:00\",\"closes\":\"17:00\"}]},{\"@type\":\"ImageObject\",\"inLanguage\":\"en-US\",\"@id\":\"https:\\\/\\\/zackmwekassa.org\\\/produit\\\/casquette-mwekassance-noire\\\/#local-main-organization-logo\",\"url\":\"https:\\\/\\\/zackmwekassa.org\\\/wp-content\\\/uploads\\\/2023\\\/06\\\/cropped-zack-mwekassa-icon.png\",\"contentUrl\":\"https:\\\/\\\/zackmwekassa.org\\\/wp-content\\\/uploads\\\/2023\\\/06\\\/cropped-zack-mwekassa-icon.png\",\"width\":1920,\"height\":652,\"caption\":\"Zack Mwekassa\"}]}<\/script>\n<!-- \/ Yoast SEO Premium plugin. -->","yoast_head_json":{"title":"Casquette MWEKASSANCE Noire - Zack Mwekassa","robots":{"index":"index","follow":"follow","max-snippet":"max-snippet:-1","max-image-preview":"max-image-preview:large","max-video-preview":"max-video-preview:-1"},"canonical":"https:\/\/zackmwekassa.org\/produit\/casquette-mwekassance-noire\/","og_locale":"en_US","og_type":"article","og_title":"Casquette MWEKASSANCE Noire","og_description":"Une casquette puissante qui ne se d\u00e9mode jamais. Par son excellente qualit\u00e9 et sa mati\u00e8re en coton 100\u00a0% biologique, cette casquette est un choix durable. Vous pourrez ainsi en profiter pendant des ann\u00e9es. Accessoirisez vos tenues \u00e9l\u00e9gantes avec ce couvre-chef \u00e9cologique\u00a0! \u2022 100\u00a0% coton biologique \u2022 Poids du tissu\u00a0: 271 g\/m\u00b2 (8 oz\/yd\u00b2) \u2022 Serg\u00e9 &hellip;","og_url":"https:\/\/zackmwekassa.org\/produit\/casquette-mwekassance-noire\/","og_site_name":"Zack Mwekassa","article_modified_time":"2024-04-25T04:03:12+00:00","og_image":[{"width":2000,"height":2000,"url":"https:\/\/zackmwekassa.org\/wp-content\/uploads\/2024\/02\/organic-baseball-cap-black-front-65d77606ce9ce.png","type":"image\/png"}],"twitter_card":"summary_large_image","schema":{"@context":"https:\/\/schema.org","@graph":[{"@type":"WebPage","@id":"https:\/\/zackmwekassa.org\/produit\/casquette-mwekassance-noire\/","url":"https:\/\/zackmwekassa.org\/produit\/casquette-mwekassance-noire\/","name":"Casquette MWEKASSANCE Noire - Zack Mwekassa","isPartOf":{"@id":"https:\/\/zackmwekassa.org\/#website"},"primaryImageOfPage":{"@id":"https:\/\/zackmwekassa.org\/produit\/casquette-mwekassance-noire\/#primaryimage"},"image":{"@id":"https:\/\/zackmwekassa.org\/produit\/casquette-mwekassance-noire\/#primaryimage"},"thumbnailUrl":"https:\/\/zackmwekassa.org\/wp-content\/uploads\/2024\/02\/organic-baseball-cap-black-front-65d77606ce9ce.png","datePublished":"2024-02-22T16:28:02+00:00","dateModified":"2024-04-25T04:03:12+00:00","breadcrumb":{"@id":"https:\/\/zackmwekassa.org\/produit\/casquette-mwekassance-noire\/#breadcrumb"},"inLanguage":"en-US","potentialAction":[{"@type":"ReadAction","target":["https:\/\/zackmwekassa.org\/produit\/casquette-mwekassance-noire\/"]}]},{"@type":"ImageObject","inLanguage":"en-US","@id":"https:\/\/zackmwekassa.org\/produit\/casquette-mwekassance-noire\/#primaryimage","url":"https:\/\/zackmwekassa.org\/wp-content\/uploads\/2024\/02\/organic-baseball-cap-black-front-65d77606ce9ce.png","contentUrl":"https:\/\/zackmwekassa.org\/wp-content\/uploads\/2024\/02\/organic-baseball-cap-black-front-65d77606ce9ce.png","width":2000,"height":2000},{"@type":"BreadcrumbList","@id":"https:\/\/zackmwekassa.org\/produit\/casquette-mwekassance-noire\/#breadcrumb","itemListElement":[{"@type":"ListItem","position":1,"name":"Accueil","item":"https:\/\/zackmwekassa.org\/en\/"},{"@type":"ListItem","position":2,"name":"Boutique","item":"https:\/\/zackmwekassa.org\/boutique\/"},{"@type":"ListItem","position":3,"name":"Casquette MWEKASSANCE Noire"}]},{"@type":"WebSite","@id":"https:\/\/zackmwekassa.org\/#website","url":"https:\/\/zackmwekassa.org\/","name":"Zack Mwekassa","description":"Le guerrier noir, votre fr\u00e8re !","publisher":{"@id":"https:\/\/zackmwekassa.org\/#organization"},"potentialAction":[{"@type":"SearchAction","target":{"@type":"EntryPoint","urlTemplate":"https:\/\/zackmwekassa.org\/?s={search_term_string}"},"query-input":{"@type":"PropertyValueSpecification","valueRequired":true,"valueName":"search_term_string"}}],"inLanguage":"en-US"},{"@type":["Organization","Place"],"@id":"https:\/\/zackmwekassa.org\/#organization","name":"Zack Mwekassa","url":"https:\/\/zackmwekassa.org\/","logo":{"@id":"https:\/\/zackmwekassa.org\/produit\/casquette-mwekassance-noire\/#local-main-organization-logo"},"image":{"@id":"https:\/\/zackmwekassa.org\/produit\/casquette-mwekassance-noire\/#local-main-organization-logo"},"telephone":[],"openingHoursSpecification":[{"@type":"OpeningHoursSpecification","dayOfWeek":["Monday","Tuesday","Wednesday","Thursday","Friday","Saturday","Sunday"],"opens":"09:00","closes":"17:00"}]},{"@type":"ImageObject","inLanguage":"en-US","@id":"https:\/\/zackmwekassa.org\/produit\/casquette-mwekassance-noire\/#local-main-organization-logo","url":"https:\/\/zackmwekassa.org\/wp-content\/uploads\/2023\/06\/cropped-zack-mwekassa-icon.png","contentUrl":"https:\/\/zackmwekassa.org\/wp-content\/uploads\/2023\/06\/cropped-zack-mwekassa-icon.png","width":1920,"height":652,"caption":"Zack Mwekassa"}]}},"jetpack_sharing_enabled":true,"_links":{"self":[{"href":"https:\/\/zackmwekassa.org\/en\/wp-json\/wp\/v2\/product\/6308","targetHints":{"allow":["GET"]}}],"collection":[{"href":"https:\/\/zackmwekassa.org\/en\/wp-json\/wp\/v2\/product"}],"about":[{"href":"https:\/\/zackmwekassa.org\/en\/wp-json\/wp\/v2\/types\/product"}],"replies":[{"embeddable":true,"href":"https:\/\/zackmwekassa.org\/en\/wp-json\/wp\/v2\/comments?post=6308"}],"wp:featuredmedia":[{"embeddable":true,"href":"https:\/\/zackmwekassa.org\/en\/wp-json\/wp\/v2\/media\/6311"}],"wp:attachment":[{"href":"https:\/\/zackmwekassa.org\/en\/wp-json\/wp\/v2\/media?parent=6308"}],"wp:term":[{"taxonomy":"product_brand","embeddable":true,"href":"https:\/\/zackmwekassa.org\/en\/wp-json\/wp\/v2\/product_brand?post=6308"},{"taxonomy":"product_cat","embeddable":true,"href":"https:\/\/zackmwekassa.org\/en\/wp-json\/wp\/v2\/product_cat?post=6308"},{"taxonomy":"product_tag","embeddable":true,"href":"https:\/\/zackmwekassa.org\/en\/wp-json\/wp\/v2\/product_tag?post=6308"}],"curies":[{"name":"wp","href":"https:\/\/api.w.org\/{rel}","templated":true}]}}